{"id":20,"date":"2021-11-15T20:55:22","date_gmt":"2021-11-15T20:55:22","guid":{"rendered":"https:\/\/quantumsatisoil.com\/?page_id=20"},"modified":"2022-05-04T07:09:11","modified_gmt":"2022-05-04T07:09:11","slug":"homepage3","status":"publish","type":"page","link":"https:\/\/quantumsatisoil.com\/en\/","title":{"rendered":"Homepage3"},"content":{"rendered":"<p>[et_pb_section fb_built=&#8220;1&#8243; fullwidth=&#8220;on&#8220; disabled_on=&#8220;off|off|off&#8220; _builder_version=&#8220;4.16&#8243; background_enable_color=&#8220;off&#8220; global_colors_info=&#8220;{}&#8220;][et_pb_fullwidth_header text_orientation=&#8220;center&#8220; header_fullscreen=&#8220;on&#8220; admin_label=&#8220;Home 2 Fullwidth Header&#8220; _builder_version=&#8220;4.16&#8243; title_font=&#8220;Yesteryear||||||||&#8220; title_text_align=&#8220;center&#8220; title_font_size=&#8220;120px&#8220; subhead_font=&#8220;|800||on|||||&#8220; subhead_text_align=&#8220;center&#8220; subhead_text_color=&#8220;#ffffff&#8220; subhead_font_size=&#8220;60px&#8220; background_enable_color=&#8220;off&#8220; background_enable_image=&#8220;off&#8220; background_video_mp4=&#8220;https:\/\/quantumsatisoil.com\/wp-content\/uploads\/2021\/11\/video-p.mp4&#8243; background_enable_video_webm=&#8220;off&#8220; allow_player_pause=&#8220;on&#8220; min_height=&#8220;84%&#8220; height=&#8220;826px&#8220; max_height=&#8220;100%&#8220; custom_padding=&#8220;150px||200px|&#8220; custom_padding_tablet=&#8220;120px||170px|&#8220; custom_padding_phone=&#8220;100px||150px|&#8220; custom_padding_last_edited=&#8220;on|phone&#8220; child_mix_blend_mode=&#8220;lighten&#8220; animation_style=&#8220;fade&#8220; animation_speed_curve=&#8220;ease-in&#8220; title_font_size_tablet=&#8220;100px&#8220; title_font_size_phone=&#8220;70px&#8220; title_font_size_last_edited=&#8220;on|desktop&#8220; subhead_font_size_tablet=&#8220;40px&#8220; subhead_font_size_phone=&#8220;30px&#8220; subhead_font_size_last_edited=&#8220;on|phone&#8220; global_colors_info=&#8220;{}&#8220; button_one_text_size__hover_enabled=&#8220;off&#8220; button_two_text_size__hover_enabled=&#8220;off&#8220; button_one_text_color__hover_enabled=&#8220;off&#8220; button_two_text_color__hover_enabled=&#8220;off&#8220; button_one_border_width__hover_enabled=&#8220;off&#8220; button_two_border_width__hover_enabled=&#8220;off&#8220; button_one_border_color__hover_enabled=&#8220;off&#8220; button_two_border_color__hover_enabled=&#8220;off&#8220; button_one_border_radius__hover_enabled=&#8220;off&#8220; button_two_border_radius__hover_enabled=&#8220;off&#8220; button_one_letter_spacing__hover_enabled=&#8220;off&#8220; button_two_letter_spacing__hover_enabled=&#8220;off&#8220; button_one_bg_color__hover_enabled=&#8220;off&#8220; button_two_bg_color__hover_enabled=&#8220;off&#8220;][\/et_pb_fullwidth_header][\/et_pb_section][et_pb_section fb_built=&#8220;1&#8243; _builder_version=&#8220;4.16&#8243; custom_margin=&#8220;||||false|false&#8220; custom_padding=&#8220;||0px|&#8220; global_colors_info=&#8220;{}&#8220;][et_pb_row column_structure=&#8220;1_3,1_3,1_3&#8243; _builder_version=&#8220;4.17.3&#8243; _module_preset=&#8220;default&#8220; background_color=&#8220;#fcfcfc&#8220; custom_margin=&#8220;-10vw||0px||false|false&#8220; custom_padding=&#8220;||0px||false|false&#8220; hover_enabled=&#8220;0&#8243; box_shadow_style=&#8220;preset1&#8243; global_colors_info=&#8220;{}&#8220; background__hover_enabled=&#8220;on|hover&#8220; sticky_enabled=&#8220;0&#8243;][et_pb_column type=&#8220;1_3&#8243; _builder_version=&#8220;4.17.3&#8243; _module_preset=&#8220;default&#8220; hover_enabled=&#8220;0&#8243; border_width_right=&#8220;2px&#8220; border_color_right=&#8220;#c1c1c1&#8243; global_colors_info=&#8220;{}&#8220; transform_styles__hover_enabled=&#8220;on|hover&#8220; transform_scale__hover_enabled=&#8220;on|hover&#8220; transform_translate__hover_enabled=&#8220;on|desktop&#8220; transform_rotate__hover_enabled=&#8220;on|desktop&#8220; transform_skew__hover_enabled=&#8220;on|desktop&#8220; transform_origin__hover_enabled=&#8220;on|desktop&#8220; transform_scale__hover=&#8220;106%|106%&#8220; sticky_enabled=&#8220;0&#8243;][et_pb_blurb title=&#8220;QUANTUM SATIS OIL&#8220; url=&#8220;https:\/\/quantumsatisoil.com\/qs-oil\/&#8220; image=&#8220;https:\/\/quantumsatisoil.com\/wp-content\/uploads\/2021\/11\/QS_logo.png&#8220; icon_placement=&#8220;left&#8220; image_icon_width=&#8220;80px&#8220; _builder_version=&#8220;4.16&#8243; _module_preset=&#8220;default&#8220; background_color_gradient_start=&#8220;rgba(43,135,218,0.04)&#8220; background_color_gradient_end=&#8220;#dbdbdb&#8220; image_icon_custom_margin=&#8220;9px|||12vh|false|false&#8220; image_icon_custom_padding=&#8220;||||false|false&#8220; link_option_url=&#8220;https:\/\/quantumsatisoil.com\/qs-oil\/&#8220; global_colors_info=&#8220;{}&#8220; image__hover_enabled=&#8220;off|desktop&#8220; title__hover_enabled=&#8220;off|desktop&#8220; title__hover=&#8220;QUANTUM SATIS OIL&#8220; content__hover_enabled=&#8220;off|desktop&#8220; content__hover=&#8220;<\/p>\n<p>QUANTUM SATIS OIL<\/p>\n<p>&#8220; background__hover_enabled=&#8220;off|desktop&#8220; background_color_gradient_end__hover=&#8220;#dbdbdb&#8220; use_background_color_gradient__hover=&#8220;off&#8220; background_color_gradient_stops__hover=&#8220;rgba(43,135,218,0.04) 0%|#dbdbdb 100%&#8220;][\/et_pb_blurb][\/et_pb_column][et_pb_column type=&#8220;1_3&#8243; _builder_version=&#8220;4.17.3&#8243; _module_preset=&#8220;default&#8220; hover_enabled=&#8220;0&#8243; border_width_right=&#8220;2px&#8220; border_color_right=&#8220;#c1c1c1&#8243; global_colors_info=&#8220;{}&#8220; sticky_enabled=&#8220;0&#8243;][et_pb_blurb title=&#8220;QUANTUM SATIS COSMETICS&#8220; image=&#8220;https:\/\/quantumsatisoil.com\/wp-content\/uploads\/2021\/11\/QSC_logo-1.png&#8220; icon_placement=&#8220;left&#8220; image_icon_width=&#8220;126px&#8220; image_tablet=&#8220;https:\/\/quantumsatisoil.com\/wp-content\/uploads\/2021\/11\/QSC_logo-1.png&#8220; image_phone=&#8220;https:\/\/quantumsatisoil.com\/wp-content\/uploads\/2021\/11\/QSC_logo-1.png&#8220; image_last_edited=&#8220;off|desktop&#8220; _builder_version=&#8220;4.17.3&#8243; _module_preset=&#8220;default&#8220; image_icon_custom_margin=&#8220;25px|||5vh|false|false&#8220; image_icon_custom_padding=&#8220;||||false|false&#8220; link_option_url=&#8220;\/qs-cosmetics\/&#8220; hover_enabled=&#8220;0&#8243; global_colors_info=&#8220;{}&#8220; image__hover_enabled=&#8220;off|desktop&#8220; title__hover_enabled=&#8220;off|desktop&#8220; title__hover=&#8220;QUANTUM SATIS COSMETICS&#8220; content__hover_enabled=&#8220;off|desktop&#8220; content__hover=&#8220;<\/p>\n<p>QUANTUM SATIS COSMETICS<\/p>\n<p>&#8220; url=&#8220;\/qs-cosmetics\/&#8220; sticky_enabled=&#8220;0&#8243;]<\/p>\n<p>&nbsp;<\/p>\n<p>&nbsp;<\/p>\n<p>[\/et_pb_blurb][\/et_pb_column][et_pb_column type=&#8220;1_3&#8243; _builder_version=&#8220;4.16&#8243; _module_preset=&#8220;default&#8220; global_colors_info=&#8220;{}&#8220;][et_pb_blurb title=&#8220;QUANTUM SATIS PET&#8220; image=&#8220;https:\/\/quantumsatisoil.com\/wp-content\/uploads\/2021\/11\/QSP_logo-1.png&#8220; icon_placement=&#8220;left&#8220; image_icon_width=&#8220;126px&#8220; title_tablet=&#8220;QUANTUM SATIS PET&#8220; title_phone=&#8220;QUANTUM SATIS PET&#8220; title_last_edited=&#8220;off|desktop&#8220; image_tablet=&#8220;https:\/\/quantumsatisoil.com\/wp-content\/uploads\/2021\/11\/QSP_logo-1.png&#8220; image_phone=&#8220;https:\/\/quantumsatisoil.com\/wp-content\/uploads\/2021\/11\/QSP_logo-1.png&#8220; image_last_edited=&#8220;on|phone&#8220; _builder_version=&#8220;4.16&#8243; _module_preset=&#8220;default&#8220; image_icon_custom_margin=&#8220;25px|||5vh|false|false&#8220; image_icon_custom_padding=&#8220;||||false|false&#8220; link_option_url=&#8220;https:\/\/quantumsatisoil.com\/qs-pets\/&#8220; border_color_all=&#8220;rgba(34,51,51,0.4)&#8220; global_colors_info=&#8220;{}&#8220; background_enable_image__hover=&#8220;off&#8220; custom_css_blurb_content__hover_enabled=&#8220;on|hover&#8220; custom_css_blurb_content__hover=&#8220;opacity: 1;|| &#8220; custom_css_blurb_title__hover_enabled=&#8220;on|hover&#8220; title__hover_enabled=&#8220;off|desktop&#8220; title__hover=&#8220;QUANTUM SATIS PET&#8220; image__hover_enabled=&#8220;on|desktop&#8220; image__hover=&#8220;https:\/\/quantumsatisoil.com\/wp-content\/uploads\/2021\/11\/QSP_logo-1.png&#8220; content__hover_enabled=&#8220;off|desktop&#8220; content__hover=&#8220;<\/p>\n<p>QUANTUM SATIS PET<\/p>\n<p>\u00a0<\/p>\n<p><span style=%22color: #ffffff;%22>.<\/span><\/p>\n<p>&#8222;]<\/p>\n<p>&nbsp;<\/p>\n<p>&nbsp;<\/p>\n<p><span style=\"color: #ffffff;\">.<\/span><\/p>\n<p>[\/et_pb_blurb][\/et_pb_column][\/et_pb_row][et_pb_row column_structure=&#8220;3_5,2_5&#8243; use_custom_gutter=&#8220;on&#8220; gutter_width=&#8220;1&#8243; make_equal=&#8220;on&#8220; _builder_version=&#8220;4.16&#8243; _module_preset=&#8220;default&#8220; background_enable_image=&#8220;off&#8220; background_position=&#8220;top_left&#8220; width=&#8220;98%&#8220; max_width=&#8220;98%&#8220; custom_margin=&#8220;-17px|auto||auto|false|false&#8220; custom_padding=&#8220;3px|||||&#8220; locked=&#8220;off&#8220; global_colors_info=&#8220;{}&#8220;][et_pb_column type=&#8220;3_5&#8243; _builder_version=&#8220;4.16&#8243; _module_preset=&#8220;default&#8220; background_color=&#8220;#c2b780&#8243; background_enable_image=&#8220;off&#8220; background_size=&#8220;initial&#8220; background_position=&#8220;bottom_right&#8220; global_colors_info=&#8220;{}&#8220;][et_pb_text admin_label=&#8220;Tekst naslovne&#8220; _builder_version=&#8220;4.16&#8243; _module_preset=&#8220;default&#8220; text_font=&#8220;Abhaya Libre||||||||&#8220; text_font_size=&#8220;18px&#8220; custom_padding=&#8220;|11px||11px|false|true&#8220; global_colors_info=&#8220;{}&#8220;]<\/p>\n<p>Dobro do\u0161li na sajt Quantum Satis, porodi\u010dne mini uljare. Velika je \u010dast a tako\u0111e i odgovornost biti karika u slo\u017eenom lancu proizvodnje i prerade uljarica (selekcioneri, agronomi, tehnolozi, hemi\u010dari, biolozi, projektanti), kao i primene ovakvih jestivih ulja (lekari, nutricionisti, farmaceuti, &#8230;).<\/p>\n<p>Poslednjih nekoliko decenija javlja se sna\u017ena tendencija usmerena ka prirodnoj, zdravstveno bezbednoj hrani, \u0161to zahvata i podru\u010dje ulja i masti. Pravilan izbor vrste ulja i njihove odgovaraju\u0107e koli\u010dine su neophodan uslov u zdravoj ishrani.<\/p>\n<p>Na samom po\u010detku, koncipirana za proizvodnju salatnih ili za\u010dinskih jestivih nerafinisanih ulja, poslednje dve godine opredelili smo se i za razvoj i proizvodnju specijalnih ulja u kozmeti\u010dke svrhe, odnosno ulja za negu ko\u017ee, prepoznatljiva kao robna marka QSC \u2013 Quantum Satis Cosmetics.<\/p>\n<p>S obzirom na povoljan hemijski sastav hladno ce\u0111enih ulja, nutritivne vrednosti (prisustvo \u03c9-3 i \u03c9-6 masne kiseline, visok sadr\u017eaj antioksidanasa\u00a0 i sl.), odlu\u010dili smo da razvijemo proizvode, tzv. dopunske sme\u0161e u ishrani za pse, i na taj na\u010din omogu\u0107iti zdrav razvoj na\u0161im ku\u0107nim ljubimcima, a pod robnom markom QSP-Quantum Satis Pet. Sa ponosom mo\u017eemo re\u0107i, da smo razvili, patentirali i proizveli prvi proizvod QSP-No1, uljani kompleks-dopunsku sme\u0161u u ishrani pasa<\/p>\n<p>Na\u0161 moto je da pratimo prirodu kao vo\u0111u, proizvodimo zdravu i funkcionalnu hranu \u2013 hladno ce\u0111enja ulja, na\u0161oj ko\u017ei pru\u017eimo zdravu i kvalitetnu negu \u2013 ulja za negu ko\u017ee i tako\u0111e, da na\u0161im ku\u0107nim ljubimcima obezbedimo zdrav razvoj \u2013 uljani komleks kao dopunsku sme\u0161u u ishrani.<\/p>\n<p>\u017delimo Vam svako dobro. U\u017eivajte.<\/p>\n<p>Va\u0161 Quntum Satis<\/p>\n<p>[\/et_pb_text][\/et_pb_column][et_pb_column type=&#8220;2_5&#8243; _builder_version=&#8220;4.16&#8243; _module_preset=&#8220;default&#8220; global_colors_info=&#8220;{}&#8220;][et_pb_image src=&#8220;https:\/\/quantumsatisoil.com\/wp-content\/uploads\/2021\/11\/4-F-scaled.jpg&#8220; title_text=&#8220;4 F&#8220; _builder_version=&#8220;4.16&#8243; _module_preset=&#8220;default&#8220; global_colors_info=&#8220;{}&#8220;][\/et_pb_image][\/et_pb_column][\/et_pb_row][et_pb_row use_custom_gutter=&#8220;on&#8220; gutter_width=&#8220;1&#8243; disabled_on=&#8220;on|on|on&#8220; module_class=&#8220; et_pb_row_fullwidth&#8220; _builder_version=&#8220;4.16&#8243; width=&#8220;100%&#8220; width_tablet=&#8220;100%&#8220; width_phone=&#8220;&#8220; width_last_edited=&#8220;on|desktop&#8220; max_width=&#8220;100%&#8220; max_width_tablet=&#8220;100%&#8220; max_width_phone=&#8220;&#8220; max_width_last_edited=&#8220;on|desktop&#8220; custom_padding=&#8220;||10px|&#8220; make_fullwidth=&#8220;on&#8220; disabled=&#8220;on&#8220; global_colors_info=&#8220;{}&#8220;][et_pb_column type=&#8220;4_4&#8243; _builder_version=&#8220;4.16&#8243; custom_padding=&#8220;|||&#8220; global_colors_info=&#8220;{}&#8220; custom_padding__hover=&#8220;|||&#8220;][et_pb_portfolio fullwidth=&#8220;off&#8220; posts_number=&#8220;8&#8243; show_pagination=&#8220;off&#8220; admin_label=&#8220;Portfolio &#8211; Home 2 portfolio grid&#8220; module_class=&#8220;home-2-portfolio-grid&#8220; _builder_version=&#8220;4.16&#8243; title_font=&#8220;|700|||||||&#8220; title_font_size=&#8220;27px&#8220; caption_font_size=&#8220;16&#8243; caption_line_height=&#8220;1.5&#8243; background_layout=&#8220;dark&#8220; pagination_font_size_tablet=&#8220;51&#8243; pagination_line_height_tablet=&#8220;2&#8243; global_colors_info=&#8220;{}&#8220;][\/et_pb_portfolio][\/et_pb_column][\/et_pb_row][\/et_pb_section]<\/p>\n","protected":false},"excerpt":{"rendered":"<p>&nbsp; &nbsp;&nbsp; &nbsp; .Dobro do\u0161li na sajt Quantum Satis, porodi\u010dne mini uljare. Velika je \u010dast a tako\u0111e i odgovornost biti karika u slo\u017eenom lancu proizvodnje i prerade uljarica (selekcioneri, agronomi, tehnolozi, hemi\u010dari, biolozi, projektanti), kao i primene ovakvih jestivih ulja (lekari, nutricionisti, farmaceuti, &#8230;). Poslednjih nekoliko decenija javlja se sna\u017ena tendencija usmerena ka prirodnoj, zdravstveno [&hellip;]<\/p>\n","protected":false},"author":1,"featured_media":0,"parent":0,"menu_order":0,"comment_status":"closed","ping_status":"closed","template":"","meta":{"_et_pb_use_builder":"on","_et_pb_old_content":"","_et_gb_content_width":"","footnotes":""},"class_list":["post-20","page","type-page","status-publish","hentry"],"_links":{"self":[{"href":"https:\/\/quantumsatisoil.com\/en\/wp-json\/wp\/v2\/pages\/20","targetHints":{"allow":["GET"]}}],"collection":[{"href":"https:\/\/quantumsatisoil.com\/en\/wp-json\/wp\/v2\/pages"}],"about":[{"href":"https:\/\/quantumsatisoil.com\/en\/wp-json\/wp\/v2\/types\/page"}],"author":[{"embeddable":true,"href":"https:\/\/quantumsatisoil.com\/en\/wp-json\/wp\/v2\/users\/1"}],"replies":[{"embeddable":true,"href":"https:\/\/quantumsatisoil.com\/en\/wp-json\/wp\/v2\/comments?post=20"}],"version-history":[{"count":110,"href":"https:\/\/quantumsatisoil.com\/en\/wp-json\/wp\/v2\/pages\/20\/revisions"}],"predecessor-version":[{"id":12183,"href":"https:\/\/quantumsatisoil.com\/en\/wp-json\/wp\/v2\/pages\/20\/revisions\/12183"}],"wp:attachment":[{"href":"https:\/\/quantumsatisoil.com\/en\/wp-json\/wp\/v2\/media?parent=20"}],"curies":[{"name":"wp","href":"https:\/\/api.w.org\/{rel}","templated":true}]}}