{"id":12079,"date":"2022-03-27T20:29:25","date_gmt":"2022-03-27T20:29:25","guid":{"rendered":"https:\/\/quantumsatisoil.com\/?page_id=12079"},"modified":"2022-05-03T09:45:59","modified_gmt":"2022-05-03T09:45:59","slug":"qs-cosmetics","status":"publish","type":"page","link":"https:\/\/quantumsatisoil.com\/en\/qs-cosmetics\/","title":{"rendered":"QS Cosmetic"},"content":{"rendered":"<p>[et_pb_section fb_built=&#8220;1&#8243; _builder_version=&#8220;4.17.3&#8243; background_image=&#8220;https:\/\/quantumsatisoil.com\/wp-content\/uploads\/2022\/04\/DSC01361.-x-scaled.jpg&#8220; height=&#8220;728px&#8220; global_colors_info=&#8220;{}&#8220;][et_pb_row _builder_version=&#8220;4.16&#8243; global_colors_info=&#8220;{}&#8220;][et_pb_column type=&#8220;4_4&#8243; _builder_version=&#8220;4.16&#8243; background_position=&#8220;top_left&#8220; custom_padding=&#8220;|||&#8220; global_colors_info=&#8220;{}&#8220; custom_padding__hover=&#8220;|||&#8220;][et_pb_text admin_label=&#8220;Header&#8220; _builder_version=&#8220;4.17.3&#8243; text_font=&#8220;Abhaya Libre||||||||&#8220; text_font_size=&#8220;16px&#8220; header_font=&#8220;Abhaya Libre||||||||&#8220; header_text_color=&#8220;#c2b681&#8243; header_font_size=&#8220;35px&#8220; background_layout=&#8220;dark&#8220; global_colors_info=&#8220;{}&#8220;]<\/p>\n<h1 style=\"text-align: center;\"><strong>Aromakozmeti\u010dki uljani kompleksi za negu ko\u017ee<\/strong><\/h1>\n<p>[\/et_pb_text][et_pb_code admin_label=&#8220;Breadcrumbs shortcode&#8220; module_class=&#8220;breadcrumbs&#8220; _builder_version=&#8220;4.16&#8243; global_colors_info=&#8220;{}&#8220;][\/et_pb_code][\/et_pb_column][\/et_pb_row][\/et_pb_section][et_pb_section fb_built=&#8220;1&#8243; disabled_on=&#8220;off|off|off&#8220; module_class=&#8220;proven-performance-section&#8220; _builder_version=&#8220;4.16&#8243; custom_padding=&#8220;50px||30px|&#8220; global_colors_info=&#8220;{}&#8220;][et_pb_row _builder_version=&#8220;4.16&#8243; _module_preset=&#8220;default&#8220; global_colors_info=&#8220;{}&#8220;][et_pb_column type=&#8220;4_4&#8243; _builder_version=&#8220;4.16&#8243; _module_preset=&#8220;default&#8220; global_colors_info=&#8220;{}&#8220;][et_pb_text admin_label=&#8220;Text&#8220; _builder_version=&#8220;4.16&#8243; _module_preset=&#8220;default&#8220; text_font=&#8220;Abhaya Libre||||||||&#8220; text_font_size=&#8220;15px&#8220; header_2_font_size=&#8220;30px&#8220; text_orientation=&#8220;justified&#8220; custom_css_main_element=&#8220;font-size: 18px !important;&#8220; global_colors_info=&#8220;{}&#8220;]<\/p>\n<p style=\"text-align: center;\"><strong><em>Pratimo prirodu kao vo\u0111u i na\u0161oj ko\u017ei pru\u017eimo zdravu i kvalitetnu negu<\/em><\/strong><\/p>\n<p>Quantum Satis Cosmetics aromakozmeti\u010dki uljani kompleksi su me\u0161avina ulja za negu ko\u017ee formulisana isklju\u010divo od 100% hladno presovanih\/ce\u0111enih nerafinisanih biljnih i eteri\u010dnih ulja bez aditiva bilo koje vrste. Biljna ulja imaju hemijsku strukturu vrlo sli\u010dnu sebumu i time su izvanredni nosioci eteri\u010dnih ulja, a osim toga bogata su vitaminima i nezasi\u0107enim masnim kiselinama koje hrane i \u0161tite ko\u017eu. Eteri\u010dna ulja, potpuno prirodnog porekla, duboko prodiru u ko\u017eu i na nivou \u0107elije podsti\u010du izmenu materije, a time i detoksikaciju koja je vrlo va\u017ena za \u010di\u0161\u0107enje ko\u017ee. Istra\u017eivanja eteri\u010dnih ulja u primeni na ko\u017ei pokazala su zna\u010dajne rezultate regenerativnog, astringentnog, cikatrizantnog i toniziraju\u0107eg delovanja. Tako\u0111e, istra\u017eivanja o delovanju mirisa na psiholo\u0161ko emotivni aspekt osobe pokazala su zna\u010dajne rezultate opu\u0161taju\u0107eg, balansiraju\u0107eg i stimuliraju\u0107eg delovanja.<\/p>\n<p>Kao bazna ulja (nosa\u010d), u QSC uljanom kompleksu nalaze se ulje le\u0161nika i ricinusa koja u sinergiji sa eteri\u010dnim uljima smilja, lavande, ru\u017ee, tamjana, vanile, cimeta, mente, \u010dajnog drveta, ruzmarina i eukaliptusa blagotvorno i revitalizuju\u0107e deluju na ko\u017eu daju\u0107i joj zdrav izgled.<\/p>\n<p>[\/et_pb_text][\/et_pb_column][\/et_pb_row][et_pb_row column_structure=&#8220;1_2,1_2&#8243; use_custom_gutter=&#8220;on&#8220; gutter_width=&#8220;1&#8243; module_class=&#8220;row-with-border&#8220; _builder_version=&#8220;4.16&#8243; global_colors_info=&#8220;{}&#8220;][et_pb_column type=&#8220;1_2&#8243; _builder_version=&#8220;4.16&#8243; background_color=&#8220;#577f57&#8243; background_enable_image=&#8220;off&#8220; background_size=&#8220;initial&#8220; background_position=&#8220;bottom_right&#8220; custom_padding=&#8220;|||&#8220; global_colors_info=&#8220;{}&#8220; custom_padding__hover=&#8220;|||&#8220;][et_pb_text admin_label=&#8220;Text &#8211; Our Story&#8220; _builder_version=&#8220;4.16&#8243; text_font=&#8220;Abhaya Libre||||||||&#8220; text_text_color=&#8220;#f4f4f4&#8243; text_font_size=&#8220;20px&#8220; header_font=&#8220;Abhaya Libre||||||||&#8220; background_color=&#8220;rgba(144,193,106,0.89)&#8220; header_font_size_last_edited=&#8220;off|desktop&#8220; custom_css_main_element=&#8220;font-size: 18px !important;&#8220; global_colors_info=&#8220;{}&#8220;]<\/p>\n<p><strong>QSC1<\/strong> \u2013 Uljani kompleks za negu lica i dekoltea<\/p>\n<p><strong>Sastojci:<\/strong> 100% hladno presovano nerafinisano biljno ulje jezgra le\u0161nika (Corylus avellana),<br \/>eteri\u010dno ulje smilja (Helichrysum italicum), eteri\u010dno ulje lavande (Lavandula angustifolia),<br \/>eteri\u010dno ulje ru\u017ee (Rosa damascene), eteri\u010dno ulje tamjana (Boswellia serata), eteri\u010dno ulje<br \/>vanile (Vanilla planifolia), geraniol*, linalol*, limonen*, eugenol*, citral*, citronelol*,<br \/>farnezol *.<br \/>* u sastavu prirodnih eteri\u010dnih ulja<\/p>\n<p><strong>Na\u010din upotrebe:<\/strong> Ujutro i\/ili uve\u010de na \u010distu i vla\u017enu ko\u017eu naneti par kapi ulja i ne\u017eno umasirati<br \/>Za spolja\u0161nju upotrebu<\/p>\n<p>[\/et_pb_text][\/et_pb_column][et_pb_column type=&#8220;1_2&#8243; _builder_version=&#8220;4.16&#8243; background_position=&#8220;top_left&#8220; custom_padding=&#8220;|||&#8220; global_colors_info=&#8220;{}&#8220; custom_padding__hover=&#8220;|||&#8220;][et_pb_image src=&#8220;https:\/\/quantumsatisoil.com\/wp-content\/uploads\/2022\/04\/DSC01354.-x-scaled.jpg&#8220; title_text=&#8220;DSC01354. x&#8220; align_tablet=&#8220;center&#8220; align_phone=&#8220;center&#8220; align_last_edited=&#8220;on|desktop&#8220; _builder_version=&#8220;4.17.3&#8243; animation_style=&#8220;slide&#8220; animation_direction=&#8220;right&#8220; animation_duration=&#8220;500ms&#8220; animation_intensity_slide=&#8220;10%&#8220; animation=&#8220;right&#8220; always_center_on_mobile=&#8220;on&#8220; global_colors_info=&#8220;{}&#8220;][\/et_pb_image][\/et_pb_column][\/et_pb_row][et_pb_row column_structure=&#8220;1_2,1_2&#8243; use_custom_gutter=&#8220;on&#8220; gutter_width=&#8220;1&#8243; module_class=&#8220;row-with-border&#8220; _builder_version=&#8220;4.16&#8243; global_colors_info=&#8220;{}&#8220;][et_pb_column type=&#8220;1_2&#8243; _builder_version=&#8220;4.16&#8243; background_position=&#8220;top_left&#8220; custom_padding=&#8220;|||&#8220; global_colors_info=&#8220;{}&#8220; custom_padding__hover=&#8220;|||&#8220;][et_pb_image src=&#8220;https:\/\/quantumsatisoil.com\/wp-content\/uploads\/2022\/04\/DSC01355.-x-scaled.jpg&#8220; title_text=&#8220;DSC01355. x&#8220; align_tablet=&#8220;center&#8220; align_phone=&#8220;center&#8220; align_last_edited=&#8220;on|desktop&#8220; _builder_version=&#8220;4.17.3&#8243; animation_style=&#8220;slide&#8220; animation_direction=&#8220;left&#8220; animation_duration=&#8220;500ms&#8220; animation_intensity_slide=&#8220;10%&#8220; always_center_on_mobile=&#8220;on&#8220; global_colors_info=&#8220;{}&#8220;][\/et_pb_image][\/et_pb_column][et_pb_column type=&#8220;1_2&#8243; _builder_version=&#8220;4.16&#8243; background_color=&#8220;#e6c67d&#8220; background_image=&#8220;https:\/\/quantumsatisoil.com\/wp-content\/uploads\/2021\/11\/01_vinjeta_lan.png&#8220; background_size=&#8220;initial&#8220; background_position=&#8220;bottom_right&#8220; custom_padding=&#8220;|||&#8220; global_colors_info=&#8220;{}&#8220; custom_padding__hover=&#8220;|||&#8220;][et_pb_text admin_label=&#8220;Text &#8211; Team Work&#8220; _builder_version=&#8220;4.16&#8243; text_font=&#8220;Abhaya Libre||||||||&#8220; header_font=&#8220;Abhaya Libre||||||||&#8220; background_color=&#8220;rgba(209,127,209,0.36)&#8220; custom_css_main_element=&#8220;font-size: 18px !important;&#8220; global_colors_info=&#8220;{}&#8220;]<\/p>\n<p><strong>QSC2<\/strong> \u2013 Uljani kompleks za negu regije oko o\u010diju<\/p>\n<p><strong>Sastojci:<\/strong> 100% hladno presovano nerafinisano biljno ulje jezgra le\u0161nika (Corylus avellana),<br \/>100% hladno presovano nerafinisano biljno ulje semena ricinusa (Ricinus communis),<br \/>eteri\u010dno ulje smilja (Helichrysum italicum), eteri\u010dno ulje lavande (Lavandula angustifolia),<br \/>geraniol *, linalol *, limonen*.<br \/>* u sastavu prirodnih eteri\u010dnih ulja<\/p>\n<p><strong>Na\u010din upotrebe:<\/strong> Ujutro i\/ili uve\u010de na \u010distu i vla\u017enu ko\u017eu naneti ulje &#8211; protrljati roll-on<br \/>kru\u017enim pokretima oko o\u010diju, ne\u017eno umasirati i<br \/>prevu\u0107i prstima ne\u017eno preko trepavica i obrva<br \/>Za spolja\u0161nju upotrebu<\/p>\n<p>[\/et_pb_text][\/et_pb_column][\/et_pb_row][et_pb_row column_structure=&#8220;1_2,1_2&#8243; use_custom_gutter=&#8220;on&#8220; gutter_width=&#8220;1&#8243; module_class=&#8220;row-with-border&#8220; _builder_version=&#8220;4.16&#8243; background_enable_color=&#8220;off&#8220; background_enable_image=&#8220;off&#8220; background_size=&#8220;initial&#8220; background_position=&#8220;top_left&#8220; global_colors_info=&#8220;{}&#8220;][et_pb_column type=&#8220;1_2&#8243; _builder_version=&#8220;4.16&#8243; background_color=&#8220;#fcfc79&#8243; background_image=&#8220;https:\/\/quantumsatisoil.com\/wp-content\/uploads\/2021\/11\/01_vinjeta_susam.png&#8220; background_size=&#8220;initial&#8220; background_position=&#8220;bottom_right&#8220; background_blend=&#8220;difference&#8220; custom_padding=&#8220;|||&#8220; global_colors_info=&#8220;{}&#8220; custom_padding__hover=&#8220;|||&#8220;][et_pb_text admin_label=&#8220;Text &#8211; Our Story&#8220; _builder_version=&#8220;4.16&#8243; text_font=&#8220;Abhaya Libre||||||||&#8220; header_font=&#8220;Abhaya Libre||||||||&#8220; background_color=&#8220;rgba(224,161,26,0.29)&#8220; custom_css_main_element=&#8220;font-size: 18px !important;&#8220; global_colors_info=&#8220;{}&#8220;]<\/p>\n<p><strong>QSC3<\/strong> \u2013 Uljani kompleks za negu usana<\/p>\n<p><strong>Sastojci:<\/strong> 100% hladno presovano nerafinisano biljno ulje jezgra le\u0161nika (Corylus avellana),<br \/>100% hladno presovano nerafinisano biljno ulje semena ricinusa (Ricinus communis),<br \/>eteri\u010dno ulje vanile (Vanilla planifolia), eteri\u010dno ulje cimeta (Cinnamon bark)<br \/>cinamil alkohol*, cinamal*, kumarin*, eugenol*, benzil benzoate*, limonen*, linalol*.<br \/>* u sastavu prirodnih eteri\u010dnih ulja<\/p>\n<p><strong> Na\u010din upotrebe:<\/strong> Ne\u017eno prevu\u0107i roll-on preko usana<br \/>Za spolja\u0161nju upotrebu<\/p>\n<p><strong>QSC3<\/strong> \u2013 Uljani kompleks za negu usana<\/p>\n<p>Sastojci: 100% hladno presovano nerafinisano biljno ulje jezgra le\u0161nika (Corylus avellana),<br \/>100% hladno presovano nerafinisano ulje semena ricinusa (Ricinus communis),<br \/>eteri\u010dno ulje vanile (Vanilla planifolia), eteri\u010dno ulje mente (Mentha piperita), limonen*,<br \/>linalol*<br \/>* u sastavu prirodnih eteri\u010dnih ulja<\/p>\n<p><strong> Na\u010din upotrebe:<\/strong> Ne\u017eno prevu\u0107i roll-on preko usana<br \/>Za spolja\u0161nju upotrebu<\/p>\n<p>&nbsp;<\/p>\n<p>[\/et_pb_text][\/et_pb_column][et_pb_column type=&#8220;1_2&#8243; _builder_version=&#8220;4.16&#8243; background_position=&#8220;top_left&#8220; custom_padding=&#8220;|||&#8220; global_colors_info=&#8220;{}&#8220; custom_padding__hover=&#8220;|||&#8220;][et_pb_image src=&#8220;https:\/\/quantumsatisoil.com\/wp-content\/uploads\/2022\/04\/DSC01356.-x-scaled.jpg&#8220; title_text=&#8220;DSC01356. x&#8220; force_fullwidth=&#8220;on&#8220; align_tablet=&#8220;center&#8220; align_phone=&#8220;right&#8220; align_last_edited=&#8220;on|desktop&#8220; _builder_version=&#8220;4.17.3&#8243; animation_style=&#8220;slide&#8220; animation_direction=&#8220;right&#8220; animation_duration=&#8220;500ms&#8220; animation_intensity_slide=&#8220;10%&#8220; animation=&#8220;right&#8220; always_center_on_mobile=&#8220;on&#8220; global_colors_info=&#8220;{}&#8220;][\/et_pb_image][\/et_pb_column][\/et_pb_row][et_pb_row column_structure=&#8220;1_2,1_2&#8243; use_custom_gutter=&#8220;on&#8220; gutter_width=&#8220;1&#8243; module_class=&#8220;row-with-border&#8220; _builder_version=&#8220;4.16&#8243; global_colors_info=&#8220;{}&#8220;][et_pb_column type=&#8220;1_2&#8243; _builder_version=&#8220;4.16&#8243; background_position=&#8220;top_left&#8220; custom_padding=&#8220;|||&#8220; global_colors_info=&#8220;{}&#8220; custom_padding__hover=&#8220;|||&#8220;][et_pb_image src=&#8220;https:\/\/quantumsatisoil.com\/wp-content\/uploads\/2022\/04\/DSC01357.-x-scaled.jpg&#8220; title_text=&#8220;DSC01357. x&#8220; align_tablet=&#8220;center&#8220; align_phone=&#8220;center&#8220; align_last_edited=&#8220;on|desktop&#8220; _builder_version=&#8220;4.17.3&#8243; animation_style=&#8220;slide&#8220; animation_direction=&#8220;left&#8220; animation_duration=&#8220;500ms&#8220; animation_intensity_slide=&#8220;10%&#8220; always_center_on_mobile=&#8220;on&#8220; global_colors_info=&#8220;{}&#8220;][\/et_pb_image][\/et_pb_column][et_pb_column type=&#8220;1_2&#8243; _builder_version=&#8220;4.16&#8243; background_color=&#8220;#e6c67d&#8220; background_image=&#8220;https:\/\/quantumsatisoil.com\/wp-content\/uploads\/2021\/11\/01_vinjeta_lan.png&#8220; background_size=&#8220;initial&#8220; background_position=&#8220;bottom_right&#8220; custom_padding=&#8220;|||&#8220; global_colors_info=&#8220;{}&#8220; custom_padding__hover=&#8220;|||&#8220;][et_pb_text admin_label=&#8220;Text &#8211; Team Work&#8220; _builder_version=&#8220;4.16&#8243; text_font=&#8220;Abhaya Libre||||||||&#8220; header_font=&#8220;Abhaya Libre||||||||&#8220; background_color=&#8220;rgba(32,201,156,0.21)&#8220; custom_css_main_element=&#8220;font-size: 18px !important;&#8220; global_colors_info=&#8220;{}&#8220;]<\/p>\n<p><strong>QSC4<\/strong> \u2013 Uljani kompleks za negu noktiju\/zanoktica<\/p>\n<p><strong>Sastojci:<\/strong> 100% hladno presovano nerafinisano biljno ulje jezgra le\u0161nika (Corylus avellana),<br \/>eteri\u010dno ulje lavande (Lavandula angustifolia), eteri\u010dno ulje \u010dajnog drveta (Melaleuca<br \/>alternifolia), eteri\u010dno ulje ruzmarina (Rosmarinus officinalis), eteri\u010dno ulje eukaliptusa<br \/>(Eucalyptus globulus), geraniol*, linalol*, limonen*,<br \/>* u sastavu prirodnih eteri\u010dnih ulja<\/p>\n<p><strong>Na\u010din upotrebe:<\/strong> Prevu\u0107i roll-on preko noktiju i predeo oko noktiju, blago umasirati<br \/>Za spolja\u0161nju upotrebu<\/p>\n<p>[\/et_pb_text][\/et_pb_column][\/et_pb_row][\/et_pb_section][et_pb_section fb_built=&#8220;1&#8243; disabled_on=&#8220;on|on|on&#8220; _builder_version=&#8220;4.16&#8243; custom_padding=&#8220;||0px|&#8220; disabled=&#8220;on&#8220; global_colors_info=&#8220;{}&#8220;][et_pb_row module_class=&#8220;header-with-button&#8220; _builder_version=&#8220;4.16&#8243; global_colors_info=&#8220;{}&#8220;][et_pb_column type=&#8220;4_4&#8243; _builder_version=&#8220;4.16&#8243; background_position=&#8220;top_left&#8220; custom_padding=&#8220;|||&#8220; global_colors_info=&#8220;{}&#8220; custom_padding__hover=&#8220;|||&#8220;][et_pb_text admin_label=&#8220;Text &#8211; Projects h1&#8243; _builder_version=&#8220;4.16&#8243; global_colors_info=&#8220;{}&#8220;]<\/p>\n<h1>Featured Projects<\/h1>\n<p>[\/et_pb_text][et_pb_button button_url=&#8220;\/projects&#8220; button_text=&#8220;View All Our Projects&#8220; button_alignment=&#8220;left&#8220; _builder_version=&#8220;4.16&#8243; global_colors_info=&#8220;{}&#8220; button_text_size__hover_enabled=&#8220;off&#8220; button_one_text_size__hover_enabled=&#8220;off&#8220; button_two_text_size__hover_enabled=&#8220;off&#8220; button_text_color__hover_enabled=&#8220;off&#8220; button_one_text_color__hover_enabled=&#8220;off&#8220; button_two_text_color__hover_enabled=&#8220;off&#8220; button_border_width__hover_enabled=&#8220;off&#8220; button_one_border_width__hover_enabled=&#8220;off&#8220; button_two_border_width__hover_enabled=&#8220;off&#8220; button_border_color__hover_enabled=&#8220;off&#8220; button_one_border_color__hover_enabled=&#8220;off&#8220; button_two_border_color__hover_enabled=&#8220;off&#8220; button_border_radius__hover_enabled=&#8220;off&#8220; button_one_border_radius__hover_enabled=&#8220;off&#8220; button_two_border_radius__hover_enabled=&#8220;off&#8220; button_letter_spacing__hover_enabled=&#8220;off&#8220; button_one_letter_spacing__hover_enabled=&#8220;off&#8220; button_two_letter_spacing__hover_enabled=&#8220;off&#8220; button_bg_color__hover_enabled=&#8220;off&#8220; button_one_bg_color__hover_enabled=&#8220;off&#8220; button_two_bg_color__hover_enabled=&#8220;off&#8220;][\/et_pb_button][\/et_pb_column][\/et_pb_row][et_pb_row use_custom_gutter=&#8220;on&#8220; gutter_width=&#8220;1&#8243; module_class=&#8220; et_pb_row_fullwidth&#8220; _builder_version=&#8220;4.16&#8243; width=&#8220;100%&#8220; width_tablet=&#8220;100%&#8220; width_phone=&#8220;100%&#8220; width_last_edited=&#8220;on|desktop&#8220; max_width=&#8220;100%&#8220; max_width_tablet=&#8220;100%&#8220; max_width_phone=&#8220;100%&#8220; max_width_last_edited=&#8220;on|desktop&#8220; custom_padding=&#8220;0px||20px|&#8220; make_fullwidth=&#8220;on&#8220; global_colors_info=&#8220;{}&#8220;][et_pb_column type=&#8220;4_4&#8243; _builder_version=&#8220;4.16&#8243; custom_padding=&#8220;|||&#8220; global_colors_info=&#8220;{}&#8220; custom_padding__hover=&#8220;|||&#8220;][et_pb_portfolio fullwidth=&#8220;off&#8220; posts_number=&#8220;4&#8243; show_pagination=&#8220;off&#8220; admin_label=&#8220;Home 2 Grid Portfolio&#8220; module_class=&#8220;home-2-portfolio-grid&#8220; _builder_version=&#8220;4.16&#8243; title_font=&#8220;|700|||||||&#8220; title_font_size=&#8220;27px&#8220; caption_font_size=&#8220;16&#8243; text_orientation=&#8220;left&#8220; background_layout=&#8220;dark&#8220; pagination_font_size_tablet=&#8220;51&#8243; pagination_line_height_tablet=&#8220;2&#8243; global_colors_info=&#8220;{}&#8220;][\/et_pb_portfolio][\/et_pb_column][\/et_pb_row][\/et_pb_section]<\/p>\n","protected":false},"excerpt":{"rendered":"<p>Aromakozmeti\u010dki uljani kompleksi za negu ko\u017eePratimo prirodu kao vo\u0111u i na\u0161oj ko\u017ei pru\u017eimo zdravu i kvalitetnu negu Quantum Satis Cosmetics aromakozmeti\u010dki uljani kompleksi su me\u0161avina ulja za negu ko\u017ee formulisana isklju\u010divo od 100% hladno presovanih\/ce\u0111enih nerafinisanih biljnih i eteri\u010dnih ulja bez aditiva bilo koje vrste. Biljna ulja imaju hemijsku strukturu vrlo sli\u010dnu sebumu i time [&hellip;]<\/p>\n","protected":false},"author":3,"featured_media":0,"parent":0,"menu_order":0,"comment_status":"closed","ping_status":"closed","template":"","meta":{"_et_pb_use_builder":"on","_et_pb_old_content":"","_et_gb_content_width":"","footnotes":""},"class_list":["post-12079","page","type-page","status-publish","hentry"],"_links":{"self":[{"href":"https:\/\/quantumsatisoil.com\/en\/wp-json\/wp\/v2\/pages\/12079","targetHints":{"allow":["GET"]}}],"collection":[{"href":"https:\/\/quantumsatisoil.com\/en\/wp-json\/wp\/v2\/pages"}],"about":[{"href":"https:\/\/quantumsatisoil.com\/en\/wp-json\/wp\/v2\/types\/page"}],"author":[{"embeddable":true,"href":"https:\/\/quantumsatisoil.com\/en\/wp-json\/wp\/v2\/users\/3"}],"replies":[{"embeddable":true,"href":"https:\/\/quantumsatisoil.com\/en\/wp-json\/wp\/v2\/comments?post=12079"}],"version-history":[{"count":45,"href":"https:\/\/quantumsatisoil.com\/en\/wp-json\/wp\/v2\/pages\/12079\/revisions"}],"predecessor-version":[{"id":12178,"href":"https:\/\/quantumsatisoil.com\/en\/wp-json\/wp\/v2\/pages\/12079\/revisions\/12178"}],"wp:attachment":[{"href":"https:\/\/quantumsatisoil.com\/en\/wp-json\/wp\/v2\/media?parent=12079"}],"curies":[{"name":"wp","href":"https:\/\/api.w.org\/{rel}","templated":true}]}}