{"id":11824,"date":"2021-11-22T09:21:31","date_gmt":"2021-11-22T09:21:31","guid":{"rendered":"https:\/\/quantumsatisoil.com\/?page_id=11824"},"modified":"2021-12-13T11:06:03","modified_gmt":"2021-12-13T11:06:03","slug":"qs-pets","status":"publish","type":"page","link":"https:\/\/quantumsatisoil.com\/en\/qs-pets\/","title":{"rendered":"QS PETS"},"content":{"rendered":"<p>[et_pb_section fb_built=&#8220;1&#8243; fullwidth=&#8220;on&#8220; next_background_color=&#8220;#ffffff&#8220; admin_label=&#8220;Header Section&#8220; _builder_version=&#8220;3.22&#8243; background_color=&#8220;#000000&#8243; bottom_divider_style=&#8220;ramp&#8220; bottom_divider_flip=&#8220;horizontal&#8220; global_colors_info=&#8220;{}&#8220;][et_pb_fullwidth_header subhead=&#8220;Quantum Satis Pet Oil&#8220; content_max_width=&#8220;640px&#8220; _builder_version=&#8220;4.14.1&#8243; title_font=&#8220;Oswald|||on|||||&#8220; title_font_size=&#8220;20px&#8220; title_letter_spacing=&#8220;3px&#8220; title_line_height=&#8220;1.5em&#8220; content_font=&#8220;Lora||||||||&#8220; content_font_size=&#8220;22px&#8220; content_line_height=&#8220;2em&#8220; subhead_font=&#8220;Lora|700|||||||&#8220; subhead_font_size=&#8220;80px&#8220; subhead_line_height=&#8220;1.5em&#8220; background_color=&#8220;rgba(255,255,255,0)&#8220; background_image=&#8220;https:\/\/quantumsatisoil.com\/wp-content\/uploads\/2021\/11\/pet-01.jpg&#8220; parallax=&#8220;on&#8220; parallax_method=&#8220;on&#8220; custom_button_one=&#8220;on&#8220; button_one_text_size=&#8220;16px&#8220; button_one_text_color=&#8220;#ffffff&#8220; button_one_bg_color=&#8220;#d29f68&#8243; button_one_border_width=&#8220;15px&#8220; button_one_border_color=&#8220;rgba(210,159,104,0)&#8220; button_one_border_radius=&#8220;100px&#8220; button_one_letter_spacing=&#8220;3px&#8220; button_one_font=&#8220;Oswald|||on|||||&#8220; button_one_use_icon=&#8220;off&#8220; custom_button_two=&#8220;on&#8220; button_two_text_size=&#8220;16px&#8220; button_two_text_color=&#8220;#ffffff&#8220; button_two_bg_color=&#8220;rgba(255,255,255,0.35)&#8220; button_two_border_width=&#8220;15px&#8220; button_two_border_color=&#8220;rgba(0,0,0,0)&#8220; button_two_border_radius=&#8220;100px&#8220; button_two_letter_spacing=&#8220;3px&#8220; button_two_font=&#8220;Oswald|||on|||||&#8220; button_two_use_icon=&#8220;off&#8220; custom_margin=&#8220;|||&#8220; custom_padding=&#8220;18vw||18vw||true&#8220; animation_style=&#8220;zoom&#8220; animation_duration=&#8220;2000ms&#8220; animation_intensity_zoom=&#8220;4%&#8220; subhead_font_size_tablet=&#8220;80px&#8220; subhead_font_size_phone=&#8220;50px&#8220; subhead_font_size_last_edited=&#8220;on|desktop&#8220; button_one_border_radius_hover=&#8220;100px&#8220; button_one_bg_color_hover=&#8220;#cc8d66&#8243; button_two_bg_color_hover=&#8220;#d29f68&#8243; global_colors_info=&#8220;{}&#8220; button_one_text_size__hover_enabled=&#8220;off&#8220; button_two_text_size__hover_enabled=&#8220;off&#8220; button_one_text_color__hover_enabled=&#8220;off&#8220; button_two_text_color__hover_enabled=&#8220;off&#8220; button_one_border_width__hover_enabled=&#8220;off&#8220; button_two_border_width__hover_enabled=&#8220;off&#8220; button_one_border_color__hover_enabled=&#8220;off&#8220; button_two_border_color__hover_enabled=&#8220;off&#8220; button_one_border_radius__hover_enabled=&#8220;on&#8220; button_one_border_radius__hover=&#8220;100px&#8220; button_two_border_radius__hover_enabled=&#8220;off&#8220; button_one_letter_spacing__hover_enabled=&#8220;off&#8220; button_two_letter_spacing__hover_enabled=&#8220;off&#8220; button_one_bg_color__hover_enabled=&#8220;on&#8220; button_one_bg_color__hover=&#8220;#cc8d66&#8243; button_two_bg_color__hover_enabled=&#8220;on&#8220; button_two_bg_color__hover=&#8220;#d29f68&#8243;]<\/p>\n<p>Uljani kompleks &#8211; dopunske sme\u0161e u ishrani pasa<\/p>\n<p>&nbsp;<\/p>\n<p>[\/et_pb_fullwidth_header][\/et_pb_section][et_pb_section fb_built=&#8220;1&#8243; disabled_on=&#8220;off|off|off&#8220; module_class=&#8220;proven-performance-section&#8220; _builder_version=&#8220;3.22&#8243; custom_padding=&#8220;50px||30px|&#8220; locked=&#8220;off&#8220; global_colors_info=&#8220;{}&#8220;][et_pb_row _builder_version=&#8220;4.13.1&#8243; _module_preset=&#8220;default&#8220; global_colors_info=&#8220;{}&#8220;][et_pb_column type=&#8220;4_4&#8243; _builder_version=&#8220;4.13.1&#8243; _module_preset=&#8220;default&#8220; global_colors_info=&#8220;{}&#8220;][et_pb_text admin_label=&#8220;Text&#8220; _builder_version=&#8220;4.14.1&#8243; _module_preset=&#8220;default&#8220; text_font=&#8220;Abhaya Libre||||||||&#8220; text_font_size=&#8220;15px&#8220; custom_css_main_element=&#8220;font-size: 18px !important;&#8220; global_colors_info=&#8220;{}&#8220;][\/et_pb_text][\/et_pb_column][\/et_pb_row][et_pb_row column_structure=&#8220;1_2,1_2&#8243; use_custom_gutter=&#8220;on&#8220; gutter_width=&#8220;1&#8243; module_class=&#8220;row-with-border&#8220; _builder_version=&#8220;4.14.2&#8243; global_colors_info=&#8220;{}&#8220;][et_pb_column type=&#8220;1_2&#8243; _builder_version=&#8220;4.14.2&#8243; background_color=&#8220;#d59592&#8243; background_image=&#8220;https:\/\/quantumsatisoil.com\/wp-content\/uploads\/2021\/11\/01_vinjeta_tikva-269&#215;300.png&#8220; background_size=&#8220;initial&#8220; background_position=&#8220;bottom_right&#8220; custom_padding=&#8220;|||&#8220; global_colors_info=&#8220;{}&#8220; custom_padding__hover=&#8220;|||&#8220;][et_pb_text admin_label=&#8220;Text &#8211; Our Story&#8220; _builder_version=&#8220;4.14.1&#8243; text_font=&#8220;Abhaya Libre|600|||||||&#8220; text_text_color=&#8220;#f4f4f4&#8243; text_font_size=&#8220;16px&#8220; header_font=&#8220;Abhaya Libre||||||||&#8220; header_font_size=&#8220;25px&#8220; custom_css_main_element=&#8220;font-size: 18px !important;&#8220; global_colors_info=&#8220;{}&#8220;]<\/p>\n<h1>QSP No1<\/h1>\n<p>QSP No1 dopunska sme\u0161a, dodatak hrani za pse, sadr\u017ei isklju\u010divo prirodne sirovine biljnog porekla:<\/p>\n<ul>\n<li>hladno ce\u0111eno ulje semena tikve golice,<\/li>\n<li>hladno ce\u0111eno ulje semena lana i<\/li>\n<li>eteri\u010dna ulja origana i timijana.<\/li>\n<\/ul>\n<p>Postupkom hladnog ce\u0111enja su sa\u010duvani liposolubilni vitamini A i E, a ova ulja sadr\u017ee esencijalne masne kiseline \u03c9-6 i \u03c9-3, koja su prekursori prostaglandina koji uti\u010de na anti inflamatorne procese i na sadr\u017eaj lipida u krvi.\u00a0<\/p>\n<p>Eteri\u010dna ulja origana i timijana pove\u0107avaju antioksidativna svojstva sme\u0161e a time pove\u0107avaju njegovu trajnost i povoljno deluju na upalne procese kod pasa, pogotovo u urinarnom traktu, \u0161to je potvr\u0111eno u mnogobrojnim istra\u017eivanjima i studijama kako kod ljudi tako i kod \u017eivotinja.*<\/p>\n<p>* Valentina Virginia Ebani et al. Antimicrobial Activity of Five Essential Oils against Bacteria and Fungi Responsible for Urinary Tract Infections(2018) Molecules23, 1668; doi:10.3390\/molecules23071668<\/p>\n<p>[\/et_pb_text][\/et_pb_column][et_pb_column type=&#8220;1_2&#8243; _builder_version=&#8220;3.25&#8243; background_position=&#8220;top_left&#8220; custom_padding=&#8220;|||&#8220; global_colors_info=&#8220;{}&#8220; custom_padding__hover=&#8220;|||&#8220;][et_pb_image src=&#8220;https:\/\/quantumsatisoil.com\/wp-content\/uploads\/2021\/12\/no1-sajt.jpg&#8220; title_text=&#8220;no1-sajt&#8220; align_tablet=&#8220;center&#8220; align_phone=&#8220;center&#8220; align_last_edited=&#8220;on|desktop&#8220; _builder_version=&#8220;4.14.2&#8243; animation_style=&#8220;slide&#8220; animation_direction=&#8220;right&#8220; animation_duration=&#8220;500ms&#8220; animation_intensity_slide=&#8220;10%&#8220; animation=&#8220;right&#8220; always_center_on_mobile=&#8220;on&#8220; global_colors_info=&#8220;{}&#8220;][\/et_pb_image][\/et_pb_column][\/et_pb_row][et_pb_row column_structure=&#8220;1_2,1_2&#8243; use_custom_gutter=&#8220;on&#8220; gutter_width=&#8220;1&#8243; module_class=&#8220;row-with-border&#8220; _builder_version=&#8220;4.14.1&#8243; global_colors_info=&#8220;{}&#8220;][et_pb_column type=&#8220;1_2&#8243; _builder_version=&#8220;3.25&#8243; background_position=&#8220;top_left&#8220; custom_padding=&#8220;|||&#8220; global_colors_info=&#8220;{}&#8220; custom_padding__hover=&#8220;|||&#8220;][et_pb_image src=&#8220;https:\/\/quantumsatisoil.com\/wp-content\/uploads\/2021\/12\/no2-sajt.jpg&#8220; title_text=&#8220;no2-sajt&#8220; align_tablet=&#8220;center&#8220; align_phone=&#8220;center&#8220; align_last_edited=&#8220;on|desktop&#8220; _builder_version=&#8220;4.14.2&#8243; animation_style=&#8220;slide&#8220; animation_direction=&#8220;left&#8220; animation_duration=&#8220;500ms&#8220; animation_intensity_slide=&#8220;10%&#8220; always_center_on_mobile=&#8220;on&#8220; global_colors_info=&#8220;{}&#8220;][\/et_pb_image][\/et_pb_column][et_pb_column type=&#8220;1_2&#8243; _builder_version=&#8220;4.14.1&#8243; background_color=&#8220;#e6c67d&#8220; background_image=&#8220;https:\/\/quantumsatisoil.com\/wp-content\/uploads\/2021\/11\/01_vinjeta_lan.png&#8220; background_size=&#8220;initial&#8220; background_position=&#8220;bottom_right&#8220; custom_padding=&#8220;|||&#8220; global_colors_info=&#8220;{}&#8220; custom_padding__hover=&#8220;|||&#8220;][et_pb_text admin_label=&#8220;Text &#8211; Team Work&#8220; _builder_version=&#8220;4.14.1&#8243; text_font=&#8220;Abhaya Libre||||||||&#8220; header_font=&#8220;Abhaya Libre||||||||&#8220; custom_css_main_element=&#8220;font-size: 18px !important;&#8220; global_colors_info=&#8220;{}&#8220;]<\/p>\n<h1>QSP No2<\/h1>\n<p>QSP No2 dopunska sme\u0161a, dodatak hrani za pse, sadr\u017ei isklju\u010divo prirodne sirovine biljnog porekla:<\/p>\n<ul>\n<li>hladno ce\u0111eno ulje jezgra le\u0161nika<\/li>\n<li>hladno ce\u0111eno ulje semena tikve golice i\u00a0<\/li>\n<li>hladno ce\u0111eno ulje semena lana<\/li>\n<\/ul>\n<p>Od davnina je poznato da postoje brojne zdravstvene prednosti ulja od le\u0161nika. Ulje le\u0161nika sadr\u017ei veoma va\u017ene nutrijente: vitamine (vitamin E), minerale, kao i omega 6 i omega 9 masne kiseline kao \u0161to su linolna i oleinska kiselina. Pove\u0107ana\u00a0 koncentracija mononezasi\u0107enih masnih kiselina u ulju le\u0161nika promovi\u0161e \u201edobar\u201c holesterol (HDL) dok istovremeno smanjuje \u201elo\u0161\u201c holesterol (LDL). Pored navedenog, ovo ulje ima blago adstringentno svojstvo, ja\u010da kapilare, stimuli\u0161e cirkulaciju i veoma je blagotvorno za zdravlje ko\u017ee i dlake ku\u0107nih ljubimaca.<\/p>\n<p>&nbsp;<\/p>\n<p>[\/et_pb_text][\/et_pb_column][\/et_pb_row][\/et_pb_section][et_pb_section fb_built=&#8220;1&#8243; specialty=&#8220;on&#8220; next_background_color=&#8220;#d29f68&#8243; parallax_1=&#8220;on&#8220; parallax_method_1=&#8220;off&#8220; admin_label=&#8220;Featured&#8220; _builder_version=&#8220;4.14.2&#8243; use_background_color_gradient=&#8220;on&#8220; background_color_gradient_start=&#8220;#ffffff&#8220; background_color_gradient_end=&#8220;rgba(255,255,255,0)&#8220; background_color_gradient_overlays_image=&#8220;on&#8220; background_image=&#8220;https:\/\/quantumsatisoil.com\/wp-content\/uploads\/2021\/11\/pet-03.jpg&#8220; custom_padding=&#8220;400px|0px|400px|0px|true|false&#8220; bottom_divider_style=&#8220;ramp&#8220; global_colors_info=&#8220;{}&#8220;][et_pb_column type=&#8220;1_2&#8243; specialty_columns=&#8220;2&#8243; _builder_version=&#8220;3.25&#8243; custom_padding=&#8220;|||&#8220; global_colors_info=&#8220;{}&#8220; custom_padding__hover=&#8220;|||&#8220;][et_pb_row_inner _builder_version=&#8220;4.14.2&#8243; _module_preset=&#8220;default&#8220; background_color=&#8220;rgba(34,51,51,0.11)&#8220; use_background_color_gradient=&#8220;on&#8220; background_color_gradient_start=&#8220;rgba(255,255,255,0.6)&#8220; background_color_gradient_end=&#8220;rgba(255,255,255,0.28)&#8220; background_color_gradient_direction=&#8220;185deg&#8220; background_color_gradient_start_position=&#8220;8%&#8220; background_image=&#8220;https:\/\/quantumsatisoil.com\/wp-content\/uploads\/2021\/11\/BEG_0818-scaled.jpg&#8220; background_blend=&#8220;overlay&#8220; min_height=&#8220;372px&#8220; height=&#8220;100%&#8220; global_colors_info=&#8220;{}&#8220;][et_pb_column_inner saved_specialty_column_type=&#8220;1_2&#8243; _builder_version=&#8220;4.14.2&#8243; _module_preset=&#8220;default&#8220; global_colors_info=&#8220;{}&#8220;][\/et_pb_column_inner][\/et_pb_row_inner][\/et_pb_column][et_pb_column type=&#8220;1_2&#8243; _builder_version=&#8220;3.25&#8243; custom_padding=&#8220;|||&#8220; global_colors_info=&#8220;{}&#8220; custom_padding__hover=&#8220;|||&#8220;][\/et_pb_column][\/et_pb_section][et_pb_section fb_built=&#8220;1&#8243; next_background_color=&#8220;#ffffff&#8220; admin_label=&#8220;Learn Section&#8220; _builder_version=&#8220;3.22&#8243; background_color=&#8220;#d29f68&#8243; custom_padding=&#8220;80px|0px|120px|0px|false|false&#8220; bottom_divider_style=&#8220;ramp&#8220; bottom_divider_flip=&#8220;horizontal&#8220; locked=&#8220;off&#8220; global_colors_info=&#8220;{}&#8220;][\/et_pb_section]<\/p>\n","protected":false},"excerpt":{"rendered":"<p>Uljani kompleks &#8211; dopunske sme\u0161e u ishrani pasa &nbsp;QSP No1 QSP No1 dopunska sme\u0161a, dodatak hrani za pse, sadr\u017ei isklju\u010divo prirodne sirovine biljnog porekla: hladno ce\u0111eno ulje semena tikve golice, hladno ce\u0111eno ulje semena lana i eteri\u010dna ulja origana i timijana. Postupkom hladnog ce\u0111enja su sa\u010duvani liposolubilni vitamini A i E, a ova ulja sadr\u017ee [&hellip;]<\/p>\n","protected":false},"author":1,"featured_media":11778,"parent":0,"menu_order":0,"comment_status":"closed","ping_status":"closed","template":"","meta":{"_et_pb_use_builder":"on","_et_pb_old_content":"","_et_gb_content_width":"","footnotes":""},"class_list":["post-11824","page","type-page","status-publish","has-post-thumbnail","hentry"],"_links":{"self":[{"href":"https:\/\/quantumsatisoil.com\/en\/wp-json\/wp\/v2\/pages\/11824","targetHints":{"allow":["GET"]}}],"collection":[{"href":"https:\/\/quantumsatisoil.com\/en\/wp-json\/wp\/v2\/pages"}],"about":[{"href":"https:\/\/quantumsatisoil.com\/en\/wp-json\/wp\/v2\/types\/page"}],"author":[{"embeddable":true,"href":"https:\/\/quantumsatisoil.com\/en\/wp-json\/wp\/v2\/users\/1"}],"replies":[{"embeddable":true,"href":"https:\/\/quantumsatisoil.com\/en\/wp-json\/wp\/v2\/comments?post=11824"}],"version-history":[{"count":29,"href":"https:\/\/quantumsatisoil.com\/en\/wp-json\/wp\/v2\/pages\/11824\/revisions"}],"predecessor-version":[{"id":12066,"href":"https:\/\/quantumsatisoil.com\/en\/wp-json\/wp\/v2\/pages\/11824\/revisions\/12066"}],"wp:featuredmedia":[{"embeddable":true,"href":"https:\/\/quantumsatisoil.com\/en\/wp-json\/wp\/v2\/media\/11778"}],"wp:attachment":[{"href":"https:\/\/quantumsatisoil.com\/en\/wp-json\/wp\/v2\/media?parent=11824"}],"curies":[{"name":"wp","href":"https:\/\/api.w.org\/{rel}","templated":true}]}}