{"id":11580,"date":"2021-11-17T10:30:13","date_gmt":"2021-11-17T10:30:13","guid":{"rendered":"https:\/\/quantumsatisoil.com\/?page_id=11580"},"modified":"2021-12-12T12:31:26","modified_gmt":"2021-12-12T12:31:26","slug":"qs-oil","status":"publish","type":"page","link":"https:\/\/quantumsatisoil.com\/en\/qs-oil\/","title":{"rendered":"QS OIL"},"content":{"rendered":"<p>[et_pb_section fb_built=&#8220;1&#8243; _builder_version=&#8220;4.14.1&#8243; background_image=&#8220;https:\/\/quantumsatisoil.com\/wp-content\/uploads\/2021\/11\/ulja21.jpg&#8220; height=&#8220;728px&#8220; global_colors_info=&#8220;{}&#8220;][et_pb_row _builder_version=&#8220;3.25&#8243; global_colors_info=&#8220;{}&#8220;][et_pb_column type=&#8220;4_4&#8243; _builder_version=&#8220;3.25&#8243; background_position=&#8220;top_left&#8220; custom_padding=&#8220;|||&#8220; global_colors_info=&#8220;{}&#8220; custom_padding__hover=&#8220;|||&#8220;][et_pb_text admin_label=&#8220;Header&#8220; _builder_version=&#8220;4.13.1&#8243; text_font_size=&#8220;16px&#8220; header_font=&#8220;Abhaya Libre||||||||&#8220; header_text_color=&#8220;#c2b681&#8243; header_font_size=&#8220;35px&#8220; background_layout=&#8220;dark&#8220; global_colors_info=&#8220;{}&#8220;]<\/p>\n<h1><strong>Hladno presovana\/ce\u0111ena ulja<\/strong><\/h1>\n<p>[\/et_pb_text][et_pb_code admin_label=&#8220;Breadcrumbs shortcode&#8220; module_class=&#8220;breadcrumbs&#8220; _builder_version=&#8220;4.13.1&#8243; global_colors_info=&#8220;{}&#8220;][\/et_pb_code][\/et_pb_column][\/et_pb_row][\/et_pb_section][et_pb_section fb_built=&#8220;1&#8243; disabled_on=&#8220;off|off|off&#8220; module_class=&#8220;proven-performance-section&#8220; _builder_version=&#8220;3.22&#8243; custom_padding=&#8220;50px||30px|&#8220; global_colors_info=&#8220;{}&#8220;][et_pb_row _builder_version=&#8220;4.13.1&#8243; _module_preset=&#8220;default&#8220; global_colors_info=&#8220;{}&#8220;][et_pb_column type=&#8220;4_4&#8243; _builder_version=&#8220;4.13.1&#8243; _module_preset=&#8220;default&#8220; global_colors_info=&#8220;{}&#8220;][et_pb_text admin_label=&#8220;Text&#8220; _builder_version=&#8220;4.13.1&#8243; _module_preset=&#8220;default&#8220; text_font=&#8220;Abhaya Libre||||||||&#8220; text_font_size=&#8220;15px&#8220; custom_css_main_element=&#8220;font-size: 18px !important;&#8220; global_colors_info=&#8220;{}&#8220;]<\/p>\n<p>Jestiva nerafinisana ulja, u zavisnosti od tehnolo\u0161kog procesa proizvodnje, obuhvataju:<\/p>\n<p>&#8211; hladno presovana i<\/p>\n<p>&#8211; devi\u010danska ulja.<\/p>\n<p>Za hladno presovana ulja me\u0111u potro\u0161a\u010dima je odoma\u0107en i popularni naziv <strong>hladno ce<\/strong><strong>\u0111<\/strong><strong>ena ulja<\/strong>. Kako hladno presovana, tako i devi\u010danska ulja u prometu su naj\u010de\u0161\u0107e sa naznakom sirovine od koje su proizvedena.<\/p>\n<p>Kod jestivih nerafinisanih ulja se ne primenjuje nikakav proces rafinacije (\u010dak ni delimi\u010dno) usled \u010dega ulja zadr\u017eavaju, prvenstveno, miris i ukus na polaznu sirovinu. Da bi ova ulja sa\u010duvala specifi\u010dna i prepoznatljiva senzorska svojstva, proizvode se po posebnoj tehnologiji isklju\u010divo presovanjem. Zahvaljuju\u0107i vrsti sirovine, na\u010dinu izdvajanja i odsustvu rafinacije u jestivim nerafinisanim uljima su, osim arome, u potpunosti sa\u010duvani i veoma bitni konstitutivni sastojci.<\/p>\n<p>Prema tome, hladno presovano\/ce\u0111eno ulje se proizvodi isklju\u010divo mehani\u010dkim putem, direktnim presovanjem prethodno o\u010di\u0161\u0107enih sirovina (sirovih osu\u0161enih semenki) na kontinualnim pu\u017enim presama, bez ikakve rafinacije i primene rastvara\u010da, odnosno ekstrakcija ulja. Pri tom temperatura ulja koje napu\u0161ta presu treba da je ispod 50 \u00b0C.<\/p>\n<p>Re\u010d vi\u0161e o uljima, njihovoj kategorizaciji, svojstvima i primeni mo\u017eete pogledati u <strong>Blogu, <\/strong>\u010dlananak <strong><a href=\"\/o-tikvinom-ulju\/\">\u201eO uljima\u201c<\/a>.<\/strong><\/p>\n<p>[\/et_pb_text][\/et_pb_column][\/et_pb_row][et_pb_row column_structure=&#8220;1_2,1_2&#8243; use_custom_gutter=&#8220;on&#8220; gutter_width=&#8220;1&#8243; module_class=&#8220;row-with-border&#8220; _builder_version=&#8220;4.14.2&#8243; global_colors_info=&#8220;{}&#8220;][et_pb_column type=&#8220;1_2&#8243; _builder_version=&#8220;4.14.2&#8243; background_color=&#8220;#d59592&#8243; background_image=&#8220;https:\/\/quantumsatisoil.com\/wp-content\/uploads\/2021\/11\/01_vinjeta_tikva-269&#215;300.png&#8220; background_size=&#8220;initial&#8220; background_position=&#8220;bottom_right&#8220; custom_padding=&#8220;|||&#8220; global_colors_info=&#8220;{}&#8220; custom_padding__hover=&#8220;|||&#8220;][et_pb_text admin_label=&#8220;Text &#8211; Our Story&#8220; _builder_version=&#8220;4.14.1&#8243; text_font=&#8220;Abhaya Libre|600|||||||&#8220; text_text_color=&#8220;#f4f4f4&#8243; text_font_size=&#8220;16px&#8220; header_font=&#8220;Abhaya Libre||||||||&#8220; header_font_size=&#8220;25px&#8220; custom_css_main_element=&#8220;font-size: 18px !important;&#8220; global_colors_info=&#8220;{}&#8220;]<\/p>\n<h1>Tikvino ulje<\/h1>\n<p>Jedno od specijalnih jestivih nerafinisanih ulja koje se proizvodi isklju\u010divo mehani\u010dkim postupkom i koje se mo\u017ee uvrstiti u grupu funkcionalnih prehrambenih proizvoda je ulje semena tikve.<\/p>\n<p>Quantum Satis hladno presovano tikvino ulje se proizvodi direktnim presovanjem sirovog \u2013 osu\u0161enog semena, tikve golice, kontinualnim pu\u017enim presama. Upravo ovakav na\u010din dobijanja ulja omogu\u0107ava da izdvojeno ulje bude znatno bogatije bio aktivnim komponentama kao \u0161to su: vitamini, provitamini, steroli, fosfolipidi, skvalen i dr. koji su zajedno sa pojedinim masnim kiselinama osnovni \u010dinioci nutritivne vrednosti tikvinog ulja.<\/p>\n<p>Ulje semena tikve pripada grupi ulja visoke biolo\u0161ke vrednosti zbog povoljnog sastava masnih kiselina i raznih minornih komponenti koji pokazuju odre\u0111ene pozitivne efekte u ljudskom organizmu deluju\u0107i: antiflamatorno (protivzapaljenski), diuretski (za izazivanje mokrenja), antimikrobno (protiv bakterija), blokiraju\u0107i slobodne radikale i sl.<\/p>\n<p>Re\u010d vi\u0161e o uljanoj tikvi i tikvinom ulju mo\u017eete pro\u010ditati u <strong>Blogu,<\/strong> u \u010dlanku <a href=\"https:\/\/quantumsatisoil.com\/o-tikvinom-ulju-2\/\"><strong>&#8222;O tikvinom ulju&#8220;\u00a0<\/strong><\/a><\/p>\n<p>[\/et_pb_text][\/et_pb_column][et_pb_column type=&#8220;1_2&#8243; _builder_version=&#8220;3.25&#8243; background_position=&#8220;top_left&#8220; custom_padding=&#8220;|||&#8220; global_colors_info=&#8220;{}&#8220; custom_padding__hover=&#8220;|||&#8220;][et_pb_image src=&#8220;https:\/\/quantumsatisoil.com\/wp-content\/uploads\/2021\/11\/ulje-1.jpg&#8220; title_text=&#8220;ulje&#8220; align_tablet=&#8220;center&#8220; align_phone=&#8220;center&#8220; align_last_edited=&#8220;on|desktop&#8220; _builder_version=&#8220;4.13.1&#8243; animation_style=&#8220;slide&#8220; animation_direction=&#8220;right&#8220; animation_duration=&#8220;500ms&#8220; animation_intensity_slide=&#8220;10%&#8220; animation=&#8220;right&#8220; always_center_on_mobile=&#8220;on&#8220; global_colors_info=&#8220;{}&#8220;][\/et_pb_image][\/et_pb_column][\/et_pb_row][et_pb_row column_structure=&#8220;1_2,1_2&#8243; use_custom_gutter=&#8220;on&#8220; gutter_width=&#8220;1&#8243; module_class=&#8220;row-with-border&#8220; _builder_version=&#8220;4.14.2&#8243; hover_enabled=&#8220;0&#8243; global_colors_info=&#8220;{}&#8220; sticky_enabled=&#8220;0&#8243;][et_pb_column type=&#8220;1_2&#8243; _builder_version=&#8220;3.25&#8243; background_position=&#8220;top_left&#8220; custom_padding=&#8220;|||&#8220; global_colors_info=&#8220;{}&#8220; custom_padding__hover=&#8220;|||&#8220;][et_pb_image src=&#8220;https:\/\/quantumsatisoil.com\/wp-content\/uploads\/2021\/11\/ulje.jpg&#8220; title_text=&#8220;ulje&#8220; align_tablet=&#8220;center&#8220; align_phone=&#8220;center&#8220; align_last_edited=&#8220;on|desktop&#8220; _builder_version=&#8220;4.13.1&#8243; animation_style=&#8220;slide&#8220; animation_direction=&#8220;left&#8220; animation_duration=&#8220;500ms&#8220; animation_intensity_slide=&#8220;10%&#8220; always_center_on_mobile=&#8220;on&#8220; global_colors_info=&#8220;{}&#8220;][\/et_pb_image][\/et_pb_column][et_pb_column type=&#8220;1_2&#8243; _builder_version=&#8220;4.14.2&#8243; background_color=&#8220;#e6c67d&#8220; background_image=&#8220;https:\/\/quantumsatisoil.com\/wp-content\/uploads\/2021\/11\/01_vinjeta_lan.png&#8220; background_size=&#8220;initial&#8220; background_position=&#8220;bottom_right&#8220; custom_padding=&#8220;|||&#8220; hover_enabled=&#8220;0&#8243; global_colors_info=&#8220;{}&#8220; custom_padding__hover=&#8220;|||&#8220; sticky_enabled=&#8220;0&#8243;][et_pb_text admin_label=&#8220;Text &#8211; Team Work&#8220; _builder_version=&#8220;4.13.1&#8243; text_font=&#8220;Abhaya Libre||||||||&#8220; header_font=&#8220;Abhaya Libre||||||||&#8220; custom_css_main_element=&#8220;font-size: 18px !important;&#8220; global_colors_info=&#8220;{}&#8220;]<\/p>\n<h1>Laneno ulje<\/h1>\n<p>Kao kulturna biljka lan se gaji u tri svrhe:<\/p>\n<ul>\n<li>samo za vlakno \u2013 tekstilni lan<\/li>\n<li>za seme \u2013 uljani lan i<\/li>\n<li>kombinovano \u2013 za vlkno i seme<\/li>\n<\/ul>\n<p>Seme lana je bogato uljem i proteinima,medjutim, sadr\u017eaj ulja veoma zavisi od vrste. Laneno ulje pripada grupi tzv. su\u0161ivih ulja zbog visokog sadr\u017eaja nezasi\u0107enih masnih kiselina. Sirovo laneno ulje ima tamno \u017eutu boju i jak, spcifi\u010dan miris i ukus.<\/p>\n<p>Danas hladno cedjeno laneno ulje do\u017eivljava svoju renesansu, zahvaljuju\u0107i izuzetno visokom sadr\u017eaju esencijalnih masnih kiselina, linolenske i linolne. U prodavnicama biolo\u0161ki vrednije hrane pojavljuje se kao specijalno ulje u malim pakovanjima sa posebnim nutricionisti\u010dkim preporukama.<\/p>\n<p>Zbog specifi\u010dnog sastava masnih kiselina,laneno uje je veoma osetljivo na oksidaciju i ima prili\u010dno slabu odr\u017eivost.<\/p>\n<p>[\/et_pb_text][\/et_pb_column][\/et_pb_row][et_pb_row column_structure=&#8220;1_2,1_2&#8243; use_custom_gutter=&#8220;on&#8220; gutter_width=&#8220;1&#8243; module_class=&#8220;row-with-border&#8220; _builder_version=&#8220;4.14.2&#8243; background_enable_color=&#8220;off&#8220; background_enable_image=&#8220;off&#8220; background_size=&#8220;initial&#8220; background_position=&#8220;top_left&#8220; hover_enabled=&#8220;0&#8243; global_colors_info=&#8220;{}&#8220; sticky_enabled=&#8220;0&#8243;][et_pb_column type=&#8220;1_2&#8243; _builder_version=&#8220;4.14.2&#8243; background_color=&#8220;#fcfc79&#8243; background_image=&#8220;https:\/\/quantumsatisoil.com\/wp-content\/uploads\/2021\/11\/01_vinjeta_susam.png&#8220; background_size=&#8220;initial&#8220; background_position=&#8220;bottom_right&#8220; custom_padding=&#8220;|||&#8220; hover_enabled=&#8220;0&#8243; global_colors_info=&#8220;{}&#8220; custom_padding__hover=&#8220;|||&#8220; sticky_enabled=&#8220;0&#8243; background_blend=&#8220;difference&#8220;][et_pb_text admin_label=&#8220;Text &#8211; Our Story&#8220; _builder_version=&#8220;4.14.2&#8243; text_font=&#8220;Abhaya Libre||||||||&#8220; header_font=&#8220;Abhaya Libre||||||||&#8220; hover_enabled=&#8220;0&#8243; custom_css_main_element=&#8220;font-size: 18px !important;&#8220; global_colors_info=&#8220;{}&#8220; sticky_enabled=&#8220;0&#8243;]<\/p>\n<h1>Susamovo ulje<\/h1>\n<p>Susam, <em>Sesamum indicum<\/em> L., verovatno, najstarije uzgajana biljka i najstarija uljarica kori\u0161\u0107ena u ishrani ljudi. Pradomovina susama je Indija. Arheolo\u0161ki dokazi svedo\u010de da je seme susama bilo visoko cenjena uljarica jo\u0161 pre 4000 godina. \u0160iroko se koristilo u medicini, kulinarstvu, farmaciji, kozmetici, \u010dak i za pripremu alkoholnih pi\u0107a.<\/p>\n<p>Kao stara poljoprivredna kultura susam ima mnoge sorte i varijetete. Indijski susam daje seme belo-\u017eu\u0107kaste boje za razliku od orjentalnog susama koji ima crno seme. Osim toga poznato je i seme braon i \u017eute boje.<\/p>\n<p>Susamovo ulje spada me\u0111u prvorazredna jestiva ulja. Veoma je prijatnog mirisa i ukusa i izuzetno dobre odr\u017eivosti. Zbog visoke oksidativne stabilnosti ovo ulje se \u010desto koristi u procesu pr\u017eenja hrane. Upotrebljava se uglavnom u jestive svrhe. Primenu nalazi i u nekim kozmeti\u010dkim proizvodima, gde se posebno tra\u017ei stabilno ulje. U masnokiselinskom sastavu susamovog ulja najzastuplenije su oleinska i linolna kiselina i to u skoro jednakim koli\u010dinama.<\/p>\n<p>Od svih obi\u010dnih biljnih ulja susamovo ulje je poznato kao ulje najbolje oksidativne stabilnosti. Izuzetno dobru odr\u017eivost ovom ulju daju prirodno prisutni antioksidansi sezamin i sezamolin, koji u drugim uljima nisu na\u0111eni.<\/p>\n<p>[\/et_pb_text][\/et_pb_column][et_pb_column type=&#8220;1_2&#8243; _builder_version=&#8220;3.25&#8243; background_position=&#8220;top_left&#8220; custom_padding=&#8220;|||&#8220; global_colors_info=&#8220;{}&#8220; custom_padding__hover=&#8220;|||&#8220;][et_pb_image src=&#8220;https:\/\/quantumsatisoil.com\/wp-content\/uploads\/2021\/11\/081B6934-f-scaled.jpg&#8220; title_text=&#8220;081B6934 f&#8220; force_fullwidth=&#8220;on&#8220; align_tablet=&#8220;center&#8220; align_phone=&#8220;right&#8220; align_last_edited=&#8220;on|desktop&#8220; _builder_version=&#8220;4.13.1&#8243; animation_style=&#8220;slide&#8220; animation_direction=&#8220;right&#8220; animation_duration=&#8220;500ms&#8220; animation_intensity_slide=&#8220;10%&#8220; animation=&#8220;right&#8220; always_center_on_mobile=&#8220;on&#8220; global_colors_info=&#8220;{}&#8220;][\/et_pb_image][\/et_pb_column][\/et_pb_row][\/et_pb_section][et_pb_section fb_built=&#8220;1&#8243; disabled_on=&#8220;on|on|on&#8220; _builder_version=&#8220;3.22&#8243; custom_padding=&#8220;||0px|&#8220; disabled=&#8220;on&#8220; global_colors_info=&#8220;{}&#8220;][et_pb_row module_class=&#8220;header-with-button&#8220; _builder_version=&#8220;3.25&#8243; global_colors_info=&#8220;{}&#8220;][et_pb_column type=&#8220;4_4&#8243; _builder_version=&#8220;3.25&#8243; background_position=&#8220;top_left&#8220; custom_padding=&#8220;|||&#8220; global_colors_info=&#8220;{}&#8220; custom_padding__hover=&#8220;|||&#8220;][et_pb_text admin_label=&#8220;Text &#8211; Projects h1&#8243; _builder_version=&#8220;3.27.4&#8243; global_colors_info=&#8220;{}&#8220;]<\/p>\n<h1>Featured Projects<\/h1>\n<p>[\/et_pb_text][et_pb_button button_url=&#8220;\/projects&#8220; button_text=&#8220;View All Our Projects&#8220; button_alignment=&#8220;left&#8220; _builder_version=&#8220;3.16&#8243; global_colors_info=&#8220;{}&#8220; button_text_size__hover_enabled=&#8220;off&#8220; button_one_text_size__hover_enabled=&#8220;off&#8220; button_two_text_size__hover_enabled=&#8220;off&#8220; button_text_color__hover_enabled=&#8220;off&#8220; button_one_text_color__hover_enabled=&#8220;off&#8220; button_two_text_color__hover_enabled=&#8220;off&#8220; button_border_width__hover_enabled=&#8220;off&#8220; button_one_border_width__hover_enabled=&#8220;off&#8220; button_two_border_width__hover_enabled=&#8220;off&#8220; button_border_color__hover_enabled=&#8220;off&#8220; button_one_border_color__hover_enabled=&#8220;off&#8220; button_two_border_color__hover_enabled=&#8220;off&#8220; button_border_radius__hover_enabled=&#8220;off&#8220; button_one_border_radius__hover_enabled=&#8220;off&#8220; button_two_border_radius__hover_enabled=&#8220;off&#8220; button_letter_spacing__hover_enabled=&#8220;off&#8220; button_one_letter_spacing__hover_enabled=&#8220;off&#8220; button_two_letter_spacing__hover_enabled=&#8220;off&#8220; button_bg_color__hover_enabled=&#8220;off&#8220; button_one_bg_color__hover_enabled=&#8220;off&#8220; button_two_bg_color__hover_enabled=&#8220;off&#8220;][\/et_pb_button][\/et_pb_column][\/et_pb_row][et_pb_row use_custom_gutter=&#8220;on&#8220; gutter_width=&#8220;1&#8243; module_class=&#8220; et_pb_row_fullwidth&#8220; _builder_version=&#8220;3.25&#8243; width=&#8220;100%&#8220; width_tablet=&#8220;100%&#8220; width_phone=&#8220;100%&#8220; width_last_edited=&#8220;on|desktop&#8220; max_width=&#8220;100%&#8220; max_width_tablet=&#8220;100%&#8220; max_width_phone=&#8220;100%&#8220; max_width_last_edited=&#8220;on|desktop&#8220; custom_padding=&#8220;0px||20px|&#8220; make_fullwidth=&#8220;on&#8220; global_colors_info=&#8220;{}&#8220;][et_pb_column type=&#8220;4_4&#8243; _builder_version=&#8220;3.25&#8243; custom_padding=&#8220;|||&#8220; global_colors_info=&#8220;{}&#8220; custom_padding__hover=&#8220;|||&#8220;][et_pb_portfolio fullwidth=&#8220;off&#8220; posts_number=&#8220;4&#8243; show_pagination=&#8220;off&#8220; admin_label=&#8220;Home 2 Grid Portfolio&#8220; module_class=&#8220;home-2-portfolio-grid&#8220; _builder_version=&#8220;3.0.85&#8243; title_font=&#8220;|700|||||||&#8220; title_font_size=&#8220;27px&#8220; caption_font_size=&#8220;16&#8243; text_orientation=&#8220;left&#8220; background_layout=&#8220;dark&#8220; pagination_font_size_tablet=&#8220;51&#8243; pagination_line_height_tablet=&#8220;2&#8243; global_colors_info=&#8220;{}&#8220;][\/et_pb_portfolio][\/et_pb_column][\/et_pb_row][\/et_pb_section]<\/p>\n","protected":false},"excerpt":{"rendered":"<p>Hladno presovana\/ce\u0111ena uljaJestiva nerafinisana ulja, u zavisnosti od tehnolo\u0161kog procesa proizvodnje, obuhvataju: &#8211; hladno presovana i &#8211; devi\u010danska ulja. Za hladno presovana ulja me\u0111u potro\u0161a\u010dima je odoma\u0107en i popularni naziv hladno ce\u0111ena ulja. Kako hladno presovana, tako i devi\u010danska ulja u prometu su naj\u010de\u0161\u0107e sa naznakom sirovine od koje su proizvedena. Kod jestivih nerafinisanih ulja [&hellip;]<\/p>\n","protected":false},"author":1,"featured_media":0,"parent":0,"menu_order":0,"comment_status":"closed","ping_status":"closed","template":"","meta":{"_et_pb_use_builder":"on","_et_pb_old_content":"","_et_gb_content_width":"","footnotes":""},"class_list":["post-11580","page","type-page","status-publish","hentry"],"_links":{"self":[{"href":"https:\/\/quantumsatisoil.com\/en\/wp-json\/wp\/v2\/pages\/11580","targetHints":{"allow":["GET"]}}],"collection":[{"href":"https:\/\/quantumsatisoil.com\/en\/wp-json\/wp\/v2\/pages"}],"about":[{"href":"https:\/\/quantumsatisoil.com\/en\/wp-json\/wp\/v2\/types\/page"}],"author":[{"embeddable":true,"href":"https:\/\/quantumsatisoil.com\/en\/wp-json\/wp\/v2\/users\/1"}],"replies":[{"embeddable":true,"href":"https:\/\/quantumsatisoil.com\/en\/wp-json\/wp\/v2\/comments?post=11580"}],"version-history":[{"count":55,"href":"https:\/\/quantumsatisoil.com\/en\/wp-json\/wp\/v2\/pages\/11580\/revisions"}],"predecessor-version":[{"id":12060,"href":"https:\/\/quantumsatisoil.com\/en\/wp-json\/wp\/v2\/pages\/11580\/revisions\/12060"}],"wp:attachment":[{"href":"https:\/\/quantumsatisoil.com\/en\/wp-json\/wp\/v2\/media?parent=11580"}],"curies":[{"name":"wp","href":"https:\/\/api.w.org\/{rel}","templated":true}]}}