{"id":11200,"date":"2017-08-23T16:58:36","date_gmt":"2017-08-23T21:58:36","guid":{"rendered":"http:\/\/divibusinesspro.aspengrovestudios.space\/?page_id=2"},"modified":"2021-11-20T11:53:06","modified_gmt":"2021-11-20T11:53:06","slug":"about-3","status":"publish","type":"page","link":"https:\/\/quantumsatisoil.com\/en\/about-3\/","title":{"rendered":"ABOUT US"},"content":{"rendered":"<p>[et_pb_section fb_built=&#8220;1&#8243; _builder_version=&#8220;4.13.1&#8243; background_image=&#8220;https:\/\/quantumsatisoil.com\/wp-content\/uploads\/2021\/11\/ulja-scaled.jpg&#8220; height=&#8220;596px&#8220; global_colors_info=&#8220;{}&#8220;][et_pb_row _builder_version=&#8220;3.25&#8243; global_colors_info=&#8220;{}&#8220;][et_pb_column type=&#8220;4_4&#8243; _builder_version=&#8220;3.25&#8243; background_position=&#8220;top_left&#8220; custom_padding=&#8220;|||&#8220; global_colors_info=&#8220;{}&#8220; custom_padding__hover=&#8220;|||&#8220;][et_pb_text admin_label=&#8220;Header&#8220; _builder_version=&#8220;4.13.1&#8243; background_layout=&#8220;dark&#8220; global_colors_info=&#8220;{}&#8220;]<\/p>\n<h1><span>Hladno presovana\/ce\u0111ena ulja<\/span><\/h1>\n<p>[\/et_pb_text][et_pb_code admin_label=&#8220;Breadcrumbs shortcode&#8220; module_class=&#8220;breadcrumbs&#8220; _builder_version=&#8220;4.13.1&#8243; global_colors_info=&#8220;{}&#8220;][\/et_pb_code][\/et_pb_column][\/et_pb_row][\/et_pb_section][et_pb_section fb_built=&#8220;1&#8243; disabled_on=&#8220;off|off|off&#8220; module_class=&#8220;proven-performance-section&#8220; _builder_version=&#8220;3.22&#8243; custom_padding=&#8220;50px||30px|&#8220; global_colors_info=&#8220;{}&#8220;][et_pb_row column_structure=&#8220;1_2,1_2&#8243; use_custom_gutter=&#8220;on&#8220; gutter_width=&#8220;1&#8243; module_class=&#8220;row-with-border&#8220; _builder_version=&#8220;4.13.1&#8243; global_colors_info=&#8220;{}&#8220;][et_pb_column type=&#8220;1_2&#8243; _builder_version=&#8220;3.25&#8243; background_position=&#8220;top_left&#8220; custom_padding=&#8220;|||&#8220; global_colors_info=&#8220;{}&#8220; custom_padding__hover=&#8220;|||&#8220;][et_pb_text admin_label=&#8220;Text  &#8211; Our Story&#8220; _builder_version=&#8220;4.13.1&#8243; text_font=&#8220;Abhaya Libre||||||||&#8220; text_font_size=&#8220;20px&#8220; global_colors_info=&#8220;{}&#8220;]<\/p>\n<h1>Our Story<\/h1>\n<p>Quantum Satis je porodi\u010dna mini uljara osnovana 2013. godine i bavi se proizvodnjom hladno presovanog \/ce\u0111enog jestivog nerafinisanog biljnog ulja<\/p>\n<p>[\/et_pb_text][\/et_pb_column][et_pb_column type=&#8220;1_2&#8243; _builder_version=&#8220;4.13.1&#8243; background_position=&#8220;top_left&#8220; custom_padding=&#8220;|||150px|false|false&#8220; box_shadow_style=&#8220;preset1&#8243; global_colors_info=&#8220;{}&#8220; custom_padding__hover=&#8220;|||&#8220;][et_pb_image src=&#8220;https:\/\/quantumsatisoil.com\/wp-content\/uploads\/2021\/09\/logo2.jpg&#8220; title_text=&#8220;logo2&#8243; url=&#8220;\/qs-oil\/&#8220; align_tablet=&#8220;center&#8220; align_phone=&#8220;center&#8220; align_last_edited=&#8220;on|desktop&#8220; _builder_version=&#8220;4.13.1&#8243; animation_style=&#8220;slide&#8220; animation_direction=&#8220;right&#8220; animation_duration=&#8220;500ms&#8220; animation_intensity_slide=&#8220;10%&#8220; animation=&#8220;right&#8220; always_center_on_mobile=&#8220;on&#8220; global_colors_info=&#8220;{}&#8220;][\/et_pb_image][\/et_pb_column][\/et_pb_row][et_pb_row column_structure=&#8220;1_2,1_2&#8243; use_custom_gutter=&#8220;on&#8220; gutter_width=&#8220;1&#8243; module_class=&#8220;row-with-border&#8220; _builder_version=&#8220;4.13.1&#8243; global_colors_info=&#8220;{}&#8220;][et_pb_column type=&#8220;1_2&#8243; _builder_version=&#8220;4.13.1&#8243; background_position=&#8220;top_left&#8220; custom_padding=&#8220;|||143px|false|false&#8220; box_shadow_style=&#8220;preset1&#8243; global_colors_info=&#8220;{}&#8220; custom_padding__hover=&#8220;|||&#8220;][et_pb_image src=&#8220;https:\/\/quantumsatisoil.com\/wp-content\/uploads\/2021\/11\/moj-QSC_logo.png&#8220; title_text=&#8220;moj QSC_logo&#8220; align_tablet=&#8220;center&#8220; align_phone=&#8220;center&#8220; align_last_edited=&#8220;on|desktop&#8220; _builder_version=&#8220;4.13.1&#8243; height=&#8220;162px&#8220; animation_style=&#8220;slide&#8220; animation_direction=&#8220;left&#8220; animation_duration=&#8220;500ms&#8220; animation_intensity_slide=&#8220;10%&#8220; always_center_on_mobile=&#8220;on&#8220; global_colors_info=&#8220;{}&#8220;][\/et_pb_image][\/et_pb_column][et_pb_column type=&#8220;1_2&#8243; _builder_version=&#8220;3.25&#8243; background_position=&#8220;top_left&#8220; custom_padding=&#8220;|||&#8220; global_colors_info=&#8220;{}&#8220; custom_padding__hover=&#8220;|||&#8220;][et_pb_text admin_label=&#8220;Text &#8211; Team Work&#8220; _builder_version=&#8220;4.13.1&#8243; text_font=&#8220;Abhaya Libre||||||||&#8220; text_font_size=&#8220;18px&#8220; global_colors_info=&#8220;{}&#8220;]<\/p>\n<h1>Team Work<\/h1>\n<p>Na samom po\u010detku, koncipirana za proizvodnju salatnih ili za\u010dinskih jestivih nerafinisanih ulja, poslednje dve godine opredelili smo se i za razvoj i proizvodnju specijalnih ulja u kozmeti\u010dke svrhe, odnosno ulja za negu ko\u017ee, prepoznatljiva kao robna marka QSC \u2013 Quantum Satis Cosmetics.<\/p>\n<p>[\/et_pb_text][\/et_pb_column][\/et_pb_row][et_pb_row column_structure=&#8220;1_2,1_2&#8243; use_custom_gutter=&#8220;on&#8220; gutter_width=&#8220;1&#8243; module_class=&#8220;row-with-border&#8220; _builder_version=&#8220;4.13.1&#8243; background_color=&#8220;rgba(224,208,175,0.26)&#8220; hover_enabled=&#8220;0&#8243; global_colors_info=&#8220;{}&#8220; title_text=&#8220;dog-1728494_640&#8243; background_image=&#8220;https:\/\/quantumsatisoil.com\/wp-content\/uploads\/2021\/11\/dog-1728494_640-150&#215;150.png&#8220; background_size=&#8220;initial&#8220; background_position=&#8220;top_right&#8220; sticky_enabled=&#8220;0&#8243;][et_pb_column type=&#8220;1_2&#8243; _builder_version=&#8220;3.25&#8243; background_position=&#8220;top_left&#8220; custom_padding=&#8220;|||&#8220; global_colors_info=&#8220;{}&#8220; custom_padding__hover=&#8220;|||&#8220;][et_pb_text admin_label=&#8220;Text  &#8211; Our Story&#8220; _builder_version=&#8220;4.13.1&#8243; text_font=&#8220;Abhaya Libre||||||||&#8220; text_font_size=&#8220;18px&#8220; global_colors_info=&#8220;{}&#8220;]<\/p>\n<h1>\u00a0<\/h1>\n<p>S obzirom na povoljan hemijski sastav hladno ce\u0111enih ulja, nutritivne vrednosti (prisustvo \u03c9-3 i \u03c9-6 masne kiseline, visok sadr\u017eaj antioksidanasa\u00a0 i sl.), odlu\u010dili smo da razvijemo proizvode, tzv. dopunske sme\u0161e u ishrani za pse, i na taj na\u010din omogu\u0107iti zdrav razvoj na\u0161im ku\u0107nim ljubimcima, a pod robnom markom QSP-Quantum Satis Pet.<\/p>\n<p>Sa ponosom mo\u017eemo re\u0107i, da smo razvili, patentirali i proizveli prvi proizvod<\/p>\n<p>QSP-No1, uljani kompleks-dopunsku sme\u0161u u ishrani pasa<\/p>\n<p>[\/et_pb_text][\/et_pb_column][et_pb_column type=&#8220;1_2&#8243; _builder_version=&#8220;4.13.1&#8243; background_color=&#8220;#ffffff&#8220; background_position=&#8220;top_left&#8220; custom_padding=&#8220;|||152px|false|false&#8220; box_shadow_style=&#8220;preset1&#8243; global_colors_info=&#8220;{}&#8220; custom_padding__hover=&#8220;|||&#8220;][et_pb_image src=&#8220;https:\/\/quantumsatisoil.com\/wp-content\/uploads\/2021\/11\/moj_QSP_logo.png&#8220; title_text=&#8220;moj_QSP_logo&#8220; align_tablet=&#8220;center&#8220; align_phone=&#8220;right&#8220; align_last_edited=&#8220;on|desktop&#8220; _builder_version=&#8220;4.13.1&#8243; height=&#8220;283px&#8220; max_height=&#8220;155px&#8220; animation_style=&#8220;slide&#8220; animation_direction=&#8220;right&#8220; animation_duration=&#8220;500ms&#8220; animation_intensity_slide=&#8220;10%&#8220; animation=&#8220;right&#8220; always_center_on_mobile=&#8220;on&#8220; global_colors_info=&#8220;{}&#8220;][\/et_pb_image][\/et_pb_column][\/et_pb_row][\/et_pb_section][et_pb_section fb_built=&#8220;1&#8243; disabled_on=&#8220;on|on|on&#8220; _builder_version=&#8220;3.22&#8243; custom_padding=&#8220;||0px|&#8220; disabled=&#8220;on&#8220; global_colors_info=&#8220;{}&#8220;][et_pb_row module_class=&#8220;header-with-button&#8220; _builder_version=&#8220;3.25&#8243; global_colors_info=&#8220;{}&#8220;][et_pb_column type=&#8220;4_4&#8243; _builder_version=&#8220;3.25&#8243; background_position=&#8220;top_left&#8220; custom_padding=&#8220;|||&#8220; global_colors_info=&#8220;{}&#8220; custom_padding__hover=&#8220;|||&#8220;][et_pb_text admin_label=&#8220;Text &#8211; Projects h1&#8243; _builder_version=&#8220;3.27.4&#8243; global_colors_info=&#8220;{}&#8220;]<\/p>\n<h1>Featured Projects<\/h1>\n<p>[\/et_pb_text][et_pb_button button_url=&#8220;\/projects&#8220; button_text=&#8220;View All Our Projects&#8220; button_alignment=&#8220;left&#8220; _builder_version=&#8220;3.16&#8243; global_colors_info=&#8220;{}&#8220; button_text_size__hover_enabled=&#8220;off&#8220; button_one_text_size__hover_enabled=&#8220;off&#8220; button_two_text_size__hover_enabled=&#8220;off&#8220; button_text_color__hover_enabled=&#8220;off&#8220; button_one_text_color__hover_enabled=&#8220;off&#8220; button_two_text_color__hover_enabled=&#8220;off&#8220; button_border_width__hover_enabled=&#8220;off&#8220; button_one_border_width__hover_enabled=&#8220;off&#8220; button_two_border_width__hover_enabled=&#8220;off&#8220; button_border_color__hover_enabled=&#8220;off&#8220; button_one_border_color__hover_enabled=&#8220;off&#8220; button_two_border_color__hover_enabled=&#8220;off&#8220; button_border_radius__hover_enabled=&#8220;off&#8220; button_one_border_radius__hover_enabled=&#8220;off&#8220; button_two_border_radius__hover_enabled=&#8220;off&#8220; button_letter_spacing__hover_enabled=&#8220;off&#8220; button_one_letter_spacing__hover_enabled=&#8220;off&#8220; button_two_letter_spacing__hover_enabled=&#8220;off&#8220; button_bg_color__hover_enabled=&#8220;off&#8220; button_one_bg_color__hover_enabled=&#8220;off&#8220; button_two_bg_color__hover_enabled=&#8220;off&#8220;][\/et_pb_button][\/et_pb_column][\/et_pb_row][et_pb_row use_custom_gutter=&#8220;on&#8220; gutter_width=&#8220;1&#8243; module_class=&#8220; et_pb_row_fullwidth&#8220; _builder_version=&#8220;3.25&#8243; width=&#8220;100%&#8220; width_tablet=&#8220;100%&#8220; width_phone=&#8220;100%&#8220; width_last_edited=&#8220;on|desktop&#8220; max_width=&#8220;100%&#8220; max_width_tablet=&#8220;100%&#8220; max_width_phone=&#8220;100%&#8220; max_width_last_edited=&#8220;on|desktop&#8220; custom_padding=&#8220;0px||20px|&#8220; make_fullwidth=&#8220;on&#8220; global_colors_info=&#8220;{}&#8220;][et_pb_column type=&#8220;4_4&#8243; _builder_version=&#8220;3.25&#8243; custom_padding=&#8220;|||&#8220; global_colors_info=&#8220;{}&#8220; custom_padding__hover=&#8220;|||&#8220;][et_pb_portfolio fullwidth=&#8220;off&#8220; posts_number=&#8220;4&#8243; show_pagination=&#8220;off&#8220; admin_label=&#8220;Home 2 Grid Portfolio&#8220; module_class=&#8220;home-2-portfolio-grid&#8220; _builder_version=&#8220;3.0.85&#8243; title_font=&#8220;|700|||||||&#8220; title_font_size=&#8220;27px&#8220; caption_font_size=&#8220;16&#8243; text_orientation=&#8220;left&#8220; background_layout=&#8220;dark&#8220; pagination_font_size_tablet=&#8220;51&#8243; pagination_line_height_tablet=&#8220;2&#8243; global_colors_info=&#8220;{}&#8220;][\/et_pb_portfolio][\/et_pb_column][\/et_pb_row][\/et_pb_section]<\/p>\n","protected":false},"excerpt":{"rendered":"<p>Hladno presovana\/ce\u0111ena uljaOur Story Quantum Satis je porodi\u010dna mini uljara osnovana 2013. godine i bavi se proizvodnjom hladno presovanog \/ce\u0111enog jestivog nerafinisanog biljnog uljaTeam Work Na samom po\u010detku, koncipirana za proizvodnju salatnih ili za\u010dinskih jestivih nerafinisanih ulja, poslednje dve godine opredelili smo se i za razvoj i proizvodnju specijalnih ulja u kozmeti\u010dke svrhe, odnosno ulja [&hellip;]<\/p>\n","protected":false},"author":1,"featured_media":0,"parent":0,"menu_order":0,"comment_status":"closed","ping_status":"closed","template":"","meta":{"_et_pb_use_builder":"on","_et_pb_old_content":"This is an example page. It's different from a blog post because it will stay in one place and will show up in your site navigation (in most themes). Most people start with an About page that introduces them to potential site visitors. It might say something like this:\r\n<blockquote>Hi there! I'm a bike messenger by day, aspiring actor by night, and this is my website. I live in Los Angeles, have a great dog named Jack, and I like pi\u00f1a coladas. (And gettin' caught in the rain.)<\/blockquote>\r\n...or something like this:\r\n<blockquote>The XYZ Doohickey Company was founded in 1971, and has been providing quality doohickeys to the public ever since. Located in Gotham City, XYZ employs over 2,000 people and does all kinds of awesome things for the Gotham community.<\/blockquote>\r\nAs a new WordPress user, you should go to <a href=\"https:\/\/divibusinesspro.aspengrovestudio.com\/wp-admin\/\">your dashboard<\/a> to delete this page and create new pages for your content. Have fun!","_et_gb_content_width":"","footnotes":""},"class_list":["post-11200","page","type-page","status-publish","hentry"],"_links":{"self":[{"href":"https:\/\/quantumsatisoil.com\/en\/wp-json\/wp\/v2\/pages\/11200","targetHints":{"allow":["GET"]}}],"collection":[{"href":"https:\/\/quantumsatisoil.com\/en\/wp-json\/wp\/v2\/pages"}],"about":[{"href":"https:\/\/quantumsatisoil.com\/en\/wp-json\/wp\/v2\/types\/page"}],"author":[{"embeddable":true,"href":"https:\/\/quantumsatisoil.com\/en\/wp-json\/wp\/v2\/users\/1"}],"replies":[{"embeddable":true,"href":"https:\/\/quantumsatisoil.com\/en\/wp-json\/wp\/v2\/comments?post=11200"}],"version-history":[{"count":0,"href":"https:\/\/quantumsatisoil.com\/en\/wp-json\/wp\/v2\/pages\/11200\/revisions"}],"wp:attachment":[{"href":"https:\/\/quantumsatisoil.com\/en\/wp-json\/wp\/v2\/media?parent=11200"}],"curies":[{"name":"wp","href":"https:\/\/api.w.org\/{rel}","templated":true}]}}